{"id":950,"date":"2023-01-20T10:45:21","date_gmt":"2023-01-20T10:45:21","guid":{"rendered":"https:\/\/weronikajazikowska.pl\/?page_id=950"},"modified":"2024-02-10T19:51:50","modified_gmt":"2024-02-10T19:51:50","slug":"komunia","status":"publish","type":"page","link":"https:\/\/weronikajazikowska.pl\/index.php\/komunia\/","title":{"rendered":"KOMUNIA"},"content":{"rendered":"\t\t<div data-elementor-type=\"wp-post\" data-elementor-id=\"950\" class=\"elementor elementor-950\">\n\t\t\t\t\t\t<section class=\"elementor-section elementor-top-section elementor-element elementor-element-7ac9ca5 elementor-section-boxed elementor-section-height-default elementor-section-height-default\" data-id=\"7ac9ca5\" data-element_type=\"section\" data-settings=\"{&quot;background_background&quot;:&quot;classic&quot;}\">\n\t\t\t\t\t\t\t<div class=\"elementor-background-overlay\"><\/div>\n\t\t\t\t\t\t\t<div class=\"elementor-container elementor-column-gap-default\">\n\t\t\t\t\t<div class=\"elementor-column elementor-col-100 elementor-top-column elementor-element elementor-element-90988fe\" data-id=\"90988fe\" data-element_type=\"column\">\n\t\t\t<div class=\"elementor-widget-wrap elementor-element-populated\">\n\t\t\t\t\t\t<div class=\"elementor-element elementor-element-4a1c612 elementor-widget elementor-widget-heading\" data-id=\"4a1c612\" data-element_type=\"widget\" data-widget_type=\"heading.default\">\n\t\t\t\t<div class=\"elementor-widget-container\">\n\t\t\t<h1 class=\"elementor-heading-title elementor-size-default\">REPORTA\u017b<br>OKOLICZNO\u015aCIOWY<\/h1>\t\t<\/div>\n\t\t\t\t<\/div>\n\t\t\t\t\t<\/div>\n\t\t<\/div>\n\t\t\t\t\t<\/div>\n\t\t<\/section>\n\t\t\t\t<section class=\"elementor-section elementor-top-section elementor-element elementor-element-75ad0e7f elementor-section-content-middle elementor-section-boxed elementor-section-height-default elementor-section-height-default\" data-id=\"75ad0e7f\" data-element_type=\"section\">\n\t\t\t\t\t\t\t<div class=\"elementor-background-overlay\"><\/div>\n\t\t\t\t\t\t\t<div class=\"elementor-container elementor-column-gap-no\">\n\t\t\t\t\t<div class=\"elementor-column elementor-col-100 elementor-top-column elementor-element elementor-element-7334588c\" data-id=\"7334588c\" data-element_type=\"column\">\n\t\t\t<div class=\"elementor-widget-wrap elementor-element-populated\">\n\t\t\t\t\t\t<div class=\"elementor-element elementor-element-72092a54 elementor-widget-divider--view-line_text elementor-widget-divider--element-align-left elementor-widget elementor-widget-divider\" data-id=\"72092a54\" data-element_type=\"widget\" data-widget_type=\"divider.default\">\n\t\t\t\t<div class=\"elementor-widget-container\">\n\t\t\t\t\t<div class=\"elementor-divider\">\n\t\t\t<span class=\"elementor-divider-separator\">\n\t\t\t\t\t\t\t<h6 class=\"elementor-divider__text elementor-divider__element\">\n\t\t\t\tPortfolio\t\t\t\t<\/h6>\n\t\t\t\t\t\t<\/span>\n\t\t<\/div>\n\t\t\t\t<\/div>\n\t\t\t\t<\/div>\n\t\t\t\t<div class=\"elementor-element elementor-element-5141c4a1 elementor-widget elementor-widget-image-box\" data-id=\"5141c4a1\" data-element_type=\"widget\" data-widget_type=\"image-box.default\">\n\t\t\t\t<div class=\"elementor-widget-container\">\n\t\t\t<div class=\"elementor-image-box-wrapper\"><div class=\"elementor-image-box-content\"><h2 class=\"elementor-image-box-title\"><span style=\"color: var(--ast-global-color-2); font-size: 2.125rem; background-color: var(--ast-global-color-4);\">KOMUNIE, ROCZKI, CHRZCINY...<\/span><\/h2><p class=\"elementor-image-box-description\"><b>Chrzciny, Roczek, Komunia \u015awi\u0119ta<\/b> to wyj\u0105tkowa i niepowtarzalna chwila zar\u00f3wno dla m\u0142odego cz\u0142owieka, jak i jego najbli\u017cszej rodziny. Chrzciny i Roczek to etapy w \u017cyciu, kt\u00f3rych nikt z nas nie pami\u0119ta, co jest rzecz\u0105 naturaln\u0105. Z Komunii \u015awi\u0119tej z kolei mo\u017cemy mie\u0107 wi\u0119cej wspomnie\u0144, co nie oznacza, \u017ce pami\u0119tamy wszystko. \n<br>\nW\u0142a\u015bnie dlatego tak wa\u017cne jest uwiecznienie tych niepowtarzalnych moment\u00f3w \u017cycia, by w ka\u017cdej chwili m\u00f3c do nich wr\u00f3ci\u0107.<\/p><\/div><\/div>\t\t<\/div>\n\t\t\t\t<\/div>\n\t\t\t\t\t<\/div>\n\t\t<\/div>\n\t\t\t\t\t<\/div>\n\t\t<\/section>\n\t\t\t\t<section class=\"elementor-section elementor-top-section elementor-element elementor-element-100f8068 elementor-section-boxed elementor-section-height-default elementor-section-height-default\" data-id=\"100f8068\" data-element_type=\"section\">\n\t\t\t\t\t\t<div class=\"elementor-container elementor-column-gap-default\">\n\t\t\t\t\t<div class=\"elementor-column elementor-col-100 elementor-top-column elementor-element elementor-element-51311db\" data-id=\"51311db\" data-element_type=\"column\">\n\t\t\t<div class=\"elementor-widget-wrap elementor-element-populated\">\n\t\t\t\t\t\t<div class=\"elementor-element elementor-element-44a241f4 gallery-spacing-custom elementor-invisible elementor-widget elementor-widget-image-gallery\" data-id=\"44a241f4\" data-element_type=\"widget\" data-settings=\"{&quot;_animation&quot;:&quot;fadeInLeft&quot;}\" data-widget_type=\"image-gallery.default\">\n\t\t\t\t<div class=\"elementor-widget-container\">\n\t\t\t\t\t<div class=\"elementor-image-gallery\">\n\t\t\t<div id='gallery-1' class='gallery galleryid-950 gallery-columns-2 gallery-size-full'><figure class='gallery-item'>\n\t\t\t<div class='gallery-icon landscape'>\n\t\t\t\t<a data-elementor-open-lightbox=\"yes\" data-elementor-lightbox-slideshow=\"44a241f4\" data-elementor-lightbox-title=\"Foto: Weronika Jazikowska\" data-e-action-hash=\"#elementor-action%3Aaction%3Dlightbox%26settings%3DeyJpZCI6MzksInVybCI6Imh0dHBzOlwvXC93ZXJvbmlrYWphemlrb3dza2EucGxcL3dwLWNvbnRlbnRcL3VwbG9hZHNcLzIwMjNcLzAxXC9XaGF0c0FwcC1JbWFnZS0yMDIyLTEyLTAyLWF0LTIxLjMzLjI3LmpwZyIsInNsaWRlc2hvdyI6IjQ0YTI0MWY0In0%3D\" href='https:\/\/weronikajazikowska.pl\/wp-content\/uploads\/2023\/01\/WhatsApp-Image-2022-12-02-at-21.33.27.jpg'><img fetchpriority=\"high\" decoding=\"async\" width=\"1500\" height=\"997\" src=\"https:\/\/weronikajazikowska.pl\/wp-content\/uploads\/2023\/01\/WhatsApp-Image-2022-12-02-at-21.33.27.jpg\" class=\"attachment-full size-full\" alt=\"Reporta\u017c okoliczno\u015bciowy\" srcset=\"https:\/\/weronikajazikowska.pl\/wp-content\/uploads\/2023\/01\/WhatsApp-Image-2022-12-02-at-21.33.27.jpg 1500w, https:\/\/weronikajazikowska.pl\/wp-content\/uploads\/2023\/01\/WhatsApp-Image-2022-12-02-at-21.33.27-300x199.jpg 300w, https:\/\/weronikajazikowska.pl\/wp-content\/uploads\/2023\/01\/WhatsApp-Image-2022-12-02-at-21.33.27-1024x681.jpg 1024w, https:\/\/weronikajazikowska.pl\/wp-content\/uploads\/2023\/01\/WhatsApp-Image-2022-12-02-at-21.33.27-768x510.jpg 768w\" sizes=\"(max-width: 1500px) 100vw, 1500px\" \/><\/a>\n\t\t\t<\/div><\/figure><figure class='gallery-item'>\n\t\t\t<div class='gallery-icon landscape'>\n\t\t\t\t<a data-elementor-open-lightbox=\"yes\" data-elementor-lightbox-slideshow=\"44a241f4\" data-elementor-lightbox-title=\"Reporta\u017c okoliczno\u015bciowy\" data-e-action-hash=\"#elementor-action%3Aaction%3Dlightbox%26settings%3DeyJpZCI6MzgsInVybCI6Imh0dHBzOlwvXC93ZXJvbmlrYWphemlrb3dza2EucGxcL3dwLWNvbnRlbnRcL3VwbG9hZHNcLzIwMjNcLzAxXC9vNDQuanBnIiwic2xpZGVzaG93IjoiNDRhMjQxZjQifQ%3D%3D\" href='https:\/\/weronikajazikowska.pl\/wp-content\/uploads\/2023\/01\/o44.jpg'><img decoding=\"async\" width=\"1500\" height=\"997\" src=\"https:\/\/weronikajazikowska.pl\/wp-content\/uploads\/2023\/01\/o44.jpg\" class=\"attachment-full size-full\" alt=\"\" aria-describedby=\"gallery-1-38\" srcset=\"https:\/\/weronikajazikowska.pl\/wp-content\/uploads\/2023\/01\/o44.jpg 1500w, https:\/\/weronikajazikowska.pl\/wp-content\/uploads\/2023\/01\/o44-300x199.jpg 300w, https:\/\/weronikajazikowska.pl\/wp-content\/uploads\/2023\/01\/o44-1024x681.jpg 1024w, https:\/\/weronikajazikowska.pl\/wp-content\/uploads\/2023\/01\/o44-768x510.jpg 768w\" sizes=\"(max-width: 1500px) 100vw, 1500px\" \/><\/a>\n\t\t\t<\/div>\n\t\t\t\t<figcaption class='wp-caption-text gallery-caption' id='gallery-1-38'>\n\t\t\t\tFoto: Weronika Jazikowska\n\t\t\t\t<\/figcaption><\/figure><figure class='gallery-item'>\n\t\t\t<div class='gallery-icon landscape'>\n\t\t\t\t<a data-elementor-open-lightbox=\"yes\" data-elementor-lightbox-slideshow=\"44a241f4\" data-elementor-lightbox-title=\"Reporta\u017c okoliczno\u015bciowy\" data-e-action-hash=\"#elementor-action%3Aaction%3Dlightbox%26settings%3DeyJpZCI6MzcsInVybCI6Imh0dHBzOlwvXC93ZXJvbmlrYWphemlrb3dza2EucGxcL3dwLWNvbnRlbnRcL3VwbG9hZHNcLzIwMjNcLzAxXC9EU0NfNjQ1Ni5qcGciLCJzbGlkZXNob3ciOiI0NGEyNDFmNCJ9\" href='https:\/\/weronikajazikowska.pl\/wp-content\/uploads\/2023\/01\/DSC_6456.jpg'><img decoding=\"async\" width=\"1500\" height=\"997\" src=\"https:\/\/weronikajazikowska.pl\/wp-content\/uploads\/2023\/01\/DSC_6456.jpg\" class=\"attachment-full size-full\" alt=\"\" aria-describedby=\"gallery-1-37\" srcset=\"https:\/\/weronikajazikowska.pl\/wp-content\/uploads\/2023\/01\/DSC_6456.jpg 1500w, https:\/\/weronikajazikowska.pl\/wp-content\/uploads\/2023\/01\/DSC_6456-300x199.jpg 300w, https:\/\/weronikajazikowska.pl\/wp-content\/uploads\/2023\/01\/DSC_6456-1024x681.jpg 1024w, https:\/\/weronikajazikowska.pl\/wp-content\/uploads\/2023\/01\/DSC_6456-768x510.jpg 768w\" sizes=\"(max-width: 1500px) 100vw, 1500px\" \/><\/a>\n\t\t\t<\/div>\n\t\t\t\t<figcaption class='wp-caption-text gallery-caption' id='gallery-1-37'>\n\t\t\t\tFoto: Weronika Jazikowska\n\t\t\t\t<\/figcaption><\/figure><figure class='gallery-item'>\n\t\t\t<div class='gallery-icon landscape'>\n\t\t\t\t<a data-elementor-open-lightbox=\"yes\" data-elementor-lightbox-slideshow=\"44a241f4\" data-elementor-lightbox-title=\"Reporta\u017c okoliczno\u015bciowy\" data-e-action-hash=\"#elementor-action%3Aaction%3Dlightbox%26settings%3DeyJpZCI6MzYsInVybCI6Imh0dHBzOlwvXC93ZXJvbmlrYWphemlrb3dza2EucGxcL3dwLWNvbnRlbnRcL3VwbG9hZHNcLzIwMjNcLzAxXC9EU0NfNjIyOS5qcGciLCJzbGlkZXNob3ciOiI0NGEyNDFmNCJ9\" href='https:\/\/weronikajazikowska.pl\/wp-content\/uploads\/2023\/01\/DSC_6229.jpg'><img loading=\"lazy\" decoding=\"async\" width=\"1500\" height=\"997\" src=\"https:\/\/weronikajazikowska.pl\/wp-content\/uploads\/2023\/01\/DSC_6229.jpg\" class=\"attachment-full size-full\" alt=\"\" aria-describedby=\"gallery-1-36\" srcset=\"https:\/\/weronikajazikowska.pl\/wp-content\/uploads\/2023\/01\/DSC_6229.jpg 1500w, https:\/\/weronikajazikowska.pl\/wp-content\/uploads\/2023\/01\/DSC_6229-300x199.jpg 300w, https:\/\/weronikajazikowska.pl\/wp-content\/uploads\/2023\/01\/DSC_6229-1024x681.jpg 1024w, https:\/\/weronikajazikowska.pl\/wp-content\/uploads\/2023\/01\/DSC_6229-768x510.jpg 768w\" sizes=\"(max-width: 1500px) 100vw, 1500px\" \/><\/a>\n\t\t\t<\/div>\n\t\t\t\t<figcaption class='wp-caption-text gallery-caption' id='gallery-1-36'>\n\t\t\t\tFoto: Weronika Jazikowska\n\t\t\t\t<\/figcaption><\/figure><figure class='gallery-item'>\n\t\t\t<div class='gallery-icon landscape'>\n\t\t\t\t<a data-elementor-open-lightbox=\"yes\" data-elementor-lightbox-slideshow=\"44a241f4\" data-elementor-lightbox-title=\"Reporta\u017c komunijny\" data-e-action-hash=\"#elementor-action%3Aaction%3Dlightbox%26settings%3DeyJpZCI6MzQsInVybCI6Imh0dHBzOlwvXC93ZXJvbmlrYWphemlrb3dza2EucGxcL3dwLWNvbnRlbnRcL3VwbG9hZHNcLzIwMjNcLzAxXC9EU0NfNTkzMC0zLmpwZyIsInNsaWRlc2hvdyI6IjQ0YTI0MWY0In0%3D\" href='https:\/\/weronikajazikowska.pl\/wp-content\/uploads\/2023\/01\/DSC_5930-3.jpg'><img loading=\"lazy\" decoding=\"async\" width=\"1500\" height=\"997\" src=\"https:\/\/weronikajazikowska.pl\/wp-content\/uploads\/2023\/01\/DSC_5930-3.jpg\" class=\"attachment-full size-full\" alt=\"\" aria-describedby=\"gallery-1-34\" srcset=\"https:\/\/weronikajazikowska.pl\/wp-content\/uploads\/2023\/01\/DSC_5930-3.jpg 1500w, https:\/\/weronikajazikowska.pl\/wp-content\/uploads\/2023\/01\/DSC_5930-3-300x199.jpg 300w, https:\/\/weronikajazikowska.pl\/wp-content\/uploads\/2023\/01\/DSC_5930-3-1024x681.jpg 1024w, https:\/\/weronikajazikowska.pl\/wp-content\/uploads\/2023\/01\/DSC_5930-3-768x510.jpg 768w\" sizes=\"(max-width: 1500px) 100vw, 1500px\" \/><\/a>\n\t\t\t<\/div>\n\t\t\t\t<figcaption class='wp-caption-text gallery-caption' id='gallery-1-34'>\n\t\t\t\tFoto: Weronika Jazikowska\n\t\t\t\t<\/figcaption><\/figure><figure class='gallery-item'>\n\t\t\t<div class='gallery-icon landscape'>\n\t\t\t\t<a data-elementor-open-lightbox=\"yes\" data-elementor-lightbox-slideshow=\"44a241f4\" data-elementor-lightbox-title=\"Reporta\u017c okoliczno\u015bciowy\" data-e-action-hash=\"#elementor-action%3Aaction%3Dlightbox%26settings%3DeyJpZCI6MzIsInVybCI6Imh0dHBzOlwvXC93ZXJvbmlrYWphemlrb3dza2EucGxcL3dwLWNvbnRlbnRcL3VwbG9hZHNcLzIwMjNcLzAxXC9EU0NfMTc4OS5qcGciLCJzbGlkZXNob3ciOiI0NGEyNDFmNCJ9\" href='https:\/\/weronikajazikowska.pl\/wp-content\/uploads\/2023\/01\/DSC_1789.jpg'><img loading=\"lazy\" decoding=\"async\" width=\"1500\" height=\"998\" src=\"https:\/\/weronikajazikowska.pl\/wp-content\/uploads\/2023\/01\/DSC_1789.jpg\" class=\"attachment-full size-full\" alt=\"\" aria-describedby=\"gallery-1-32\" srcset=\"https:\/\/weronikajazikowska.pl\/wp-content\/uploads\/2023\/01\/DSC_1789.jpg 1500w, https:\/\/weronikajazikowska.pl\/wp-content\/uploads\/2023\/01\/DSC_1789-300x200.jpg 300w, https:\/\/weronikajazikowska.pl\/wp-content\/uploads\/2023\/01\/DSC_1789-1024x681.jpg 1024w, https:\/\/weronikajazikowska.pl\/wp-content\/uploads\/2023\/01\/DSC_1789-768x511.jpg 768w\" sizes=\"(max-width: 1500px) 100vw, 1500px\" \/><\/a>\n\t\t\t<\/div>\n\t\t\t\t<figcaption class='wp-caption-text gallery-caption' id='gallery-1-32'>\n\t\t\t\tFoto: Weronika Jazikowska\n\t\t\t\t<\/figcaption><\/figure><figure class='gallery-item'>\n\t\t\t<div class='gallery-icon portrait'>\n\t\t\t\t<a data-elementor-open-lightbox=\"yes\" data-elementor-lightbox-slideshow=\"44a241f4\" data-elementor-lightbox-title=\"Reporta\u017c komunijny\" data-e-action-hash=\"#elementor-action%3Aaction%3Dlightbox%26settings%3DeyJpZCI6MzUsInVybCI6Imh0dHBzOlwvXC93ZXJvbmlrYWphemlrb3dza2EucGxcL3dwLWNvbnRlbnRcL3VwbG9hZHNcLzIwMjNcLzAxXC9EU0NfNTk1Ny0xLmpwZyIsInNsaWRlc2hvdyI6IjQ0YTI0MWY0In0%3D\" href='https:\/\/weronikajazikowska.pl\/wp-content\/uploads\/2023\/01\/DSC_5957-1.jpg'><img loading=\"lazy\" decoding=\"async\" width=\"997\" height=\"1500\" src=\"https:\/\/weronikajazikowska.pl\/wp-content\/uploads\/2023\/01\/DSC_5957-1.jpg\" class=\"attachment-full size-full\" alt=\"\" aria-describedby=\"gallery-1-35\" srcset=\"https:\/\/weronikajazikowska.pl\/wp-content\/uploads\/2023\/01\/DSC_5957-1.jpg 997w, https:\/\/weronikajazikowska.pl\/wp-content\/uploads\/2023\/01\/DSC_5957-1-199x300.jpg 199w, https:\/\/weronikajazikowska.pl\/wp-content\/uploads\/2023\/01\/DSC_5957-1-681x1024.jpg 681w, https:\/\/weronikajazikowska.pl\/wp-content\/uploads\/2023\/01\/DSC_5957-1-768x1155.jpg 768w\" sizes=\"(max-width: 997px) 100vw, 997px\" \/><\/a>\n\t\t\t<\/div>\n\t\t\t\t<figcaption class='wp-caption-text gallery-caption' id='gallery-1-35'>\n\t\t\t\tFoto: Weronika Jazikowska\n\t\t\t\t<\/figcaption><\/figure><figure class='gallery-item'>\n\t\t\t<div class='gallery-icon portrait'>\n\t\t\t\t<a data-elementor-open-lightbox=\"yes\" data-elementor-lightbox-slideshow=\"44a241f4\" data-elementor-lightbox-title=\"Reporta\u017c komunijny\" data-e-action-hash=\"#elementor-action%3Aaction%3Dlightbox%26settings%3DeyJpZCI6MzMsInVybCI6Imh0dHBzOlwvXC93ZXJvbmlrYWphemlrb3dza2EucGxcL3dwLWNvbnRlbnRcL3VwbG9hZHNcLzIwMjNcLzAxXC9EU0NfNTI0Ni5qcGciLCJzbGlkZXNob3ciOiI0NGEyNDFmNCJ9\" href='https:\/\/weronikajazikowska.pl\/wp-content\/uploads\/2023\/01\/DSC_5246.jpg'><img loading=\"lazy\" decoding=\"async\" width=\"998\" height=\"1500\" src=\"https:\/\/weronikajazikowska.pl\/wp-content\/uploads\/2023\/01\/DSC_5246.jpg\" class=\"attachment-full size-full\" alt=\"\" aria-describedby=\"gallery-1-33\" srcset=\"https:\/\/weronikajazikowska.pl\/wp-content\/uploads\/2023\/01\/DSC_5246.jpg 998w, https:\/\/weronikajazikowska.pl\/wp-content\/uploads\/2023\/01\/DSC_5246-200x300.jpg 200w, https:\/\/weronikajazikowska.pl\/wp-content\/uploads\/2023\/01\/DSC_5246-681x1024.jpg 681w, https:\/\/weronikajazikowska.pl\/wp-content\/uploads\/2023\/01\/DSC_5246-768x1154.jpg 768w\" sizes=\"(max-width: 998px) 100vw, 998px\" \/><\/a>\n\t\t\t<\/div>\n\t\t\t\t<figcaption class='wp-caption-text gallery-caption' id='gallery-1-33'>\n\t\t\t\tFoto: Weronika Jazikowska\n\t\t\t\t<\/figcaption><\/figure><figure class='gallery-item'>\n\t\t\t<div class='gallery-icon landscape'>\n\t\t\t\t<a data-elementor-open-lightbox=\"yes\" data-elementor-lightbox-slideshow=\"44a241f4\" data-elementor-lightbox-title=\"Reporta\u017c okoliczno\u015bciowy\" data-e-action-hash=\"#elementor-action%3Aaction%3Dlightbox%26settings%3DeyJpZCI6MzAsInVybCI6Imh0dHBzOlwvXC93ZXJvbmlrYWphemlrb3dza2EucGxcL3dwLWNvbnRlbnRcL3VwbG9hZHNcLzIwMjNcLzAxXC9EU0NfMTEzMS5qcGciLCJzbGlkZXNob3ciOiI0NGEyNDFmNCJ9\" href='https:\/\/weronikajazikowska.pl\/wp-content\/uploads\/2023\/01\/DSC_1131.jpg'><img loading=\"lazy\" decoding=\"async\" width=\"1500\" height=\"998\" src=\"https:\/\/weronikajazikowska.pl\/wp-content\/uploads\/2023\/01\/DSC_1131.jpg\" class=\"attachment-full size-full\" alt=\"\" aria-describedby=\"gallery-1-30\" srcset=\"https:\/\/weronikajazikowska.pl\/wp-content\/uploads\/2023\/01\/DSC_1131.jpg 1500w, https:\/\/weronikajazikowska.pl\/wp-content\/uploads\/2023\/01\/DSC_1131-300x200.jpg 300w, https:\/\/weronikajazikowska.pl\/wp-content\/uploads\/2023\/01\/DSC_1131-1024x681.jpg 1024w, https:\/\/weronikajazikowska.pl\/wp-content\/uploads\/2023\/01\/DSC_1131-768x511.jpg 768w\" sizes=\"(max-width: 1500px) 100vw, 1500px\" \/><\/a>\n\t\t\t<\/div>\n\t\t\t\t<figcaption class='wp-caption-text gallery-caption' id='gallery-1-30'>\n\t\t\t\tFoto: Weronika Jazikowska\n\t\t\t\t<\/figcaption><\/figure><figure class='gallery-item'>\n\t\t\t<div class='gallery-icon landscape'>\n\t\t\t\t<a data-elementor-open-lightbox=\"yes\" data-elementor-lightbox-slideshow=\"44a241f4\" data-elementor-lightbox-title=\"Reporta\u017c okoliczno\u015bciowy\" data-e-action-hash=\"#elementor-action%3Aaction%3Dlightbox%26settings%3DeyJpZCI6MzEsInVybCI6Imh0dHBzOlwvXC93ZXJvbmlrYWphemlrb3dza2EucGxcL3dwLWNvbnRlbnRcL3VwbG9hZHNcLzIwMjNcLzAxXC9EU0NfMTUwMi5qcGciLCJzbGlkZXNob3ciOiI0NGEyNDFmNCJ9\" href='https:\/\/weronikajazikowska.pl\/wp-content\/uploads\/2023\/01\/DSC_1502.jpg'><img loading=\"lazy\" decoding=\"async\" width=\"1500\" height=\"998\" src=\"https:\/\/weronikajazikowska.pl\/wp-content\/uploads\/2023\/01\/DSC_1502.jpg\" class=\"attachment-full size-full\" alt=\"\" aria-describedby=\"gallery-1-31\" srcset=\"https:\/\/weronikajazikowska.pl\/wp-content\/uploads\/2023\/01\/DSC_1502.jpg 1500w, https:\/\/weronikajazikowska.pl\/wp-content\/uploads\/2023\/01\/DSC_1502-300x200.jpg 300w, https:\/\/weronikajazikowska.pl\/wp-content\/uploads\/2023\/01\/DSC_1502-1024x681.jpg 1024w, https:\/\/weronikajazikowska.pl\/wp-content\/uploads\/2023\/01\/DSC_1502-768x511.jpg 768w\" sizes=\"(max-width: 1500px) 100vw, 1500px\" \/><\/a>\n\t\t\t<\/div>\n\t\t\t\t<figcaption class='wp-caption-text gallery-caption' id='gallery-1-31'>\n\t\t\t\tFoto: Weronika Jazikowska\n\t\t\t\t<\/figcaption><\/figure>\n\t\t<\/div>\n\t\t<\/div>\n\t\t\t\t<\/div>\n\t\t\t\t<\/div>\n\t\t\t\t\t<\/div>\n\t\t<\/div>\n\t\t\t\t\t<\/div>\n\t\t<\/section>\n\t\t\t\t<section class=\"elementor-section elementor-top-section elementor-element elementor-element-5a9cf900 elementor-section-height-min-height elementor-section-boxed elementor-section-height-default elementor-section-items-middle\" data-id=\"5a9cf900\" data-element_type=\"section\">\n\t\t\t\t\t\t<div class=\"elementor-container elementor-column-gap-default\">\n\t\t\t\t\t<div class=\"elementor-column elementor-col-50 elementor-top-column elementor-element elementor-element-7d397b2b\" data-id=\"7d397b2b\" data-element_type=\"column\">\n\t\t\t<div class=\"elementor-widget-wrap\">\n\t\t\t\t\t\t\t<\/div>\n\t\t<\/div>\n\t\t\t\t<div class=\"elementor-column elementor-col-50 elementor-top-column elementor-element elementor-element-579ceead\" data-id=\"579ceead\" data-element_type=\"column\">\n\t\t\t<div class=\"elementor-widget-wrap\">\n\t\t\t\t\t\t\t<\/div>\n\t\t<\/div>\n\t\t\t\t\t<\/div>\n\t\t<\/section>\n\t\t\t\t<section class=\"elementor-section elementor-top-section elementor-element elementor-element-2b24c9ed elementor-section-boxed elementor-section-height-default elementor-section-height-default\" data-id=\"2b24c9ed\" data-element_type=\"section\" data-settings=\"{&quot;background_background&quot;:&quot;classic&quot;}\">\n\t\t\t\t\t\t<div class=\"elementor-container elementor-column-gap-default\">\n\t\t\t\t\t<div class=\"elementor-column elementor-col-33 elementor-top-column elementor-element elementor-element-72298aa\" data-id=\"72298aa\" data-element_type=\"column\">\n\t\t\t<div class=\"elementor-widget-wrap\">\n\t\t\t\t\t\t\t<\/div>\n\t\t<\/div>\n\t\t\t\t<div class=\"elementor-column elementor-col-33 elementor-top-column elementor-element elementor-element-7492c7c1\" data-id=\"7492c7c1\" data-element_type=\"column\">\n\t\t\t<div class=\"elementor-widget-wrap elementor-element-populated\">\n\t\t\t\t\t\t<div class=\"elementor-element elementor-element-36570085 elementor-widget elementor-widget-image\" data-id=\"36570085\" data-element_type=\"widget\" data-widget_type=\"image.default\">\n\t\t\t\t<div class=\"elementor-widget-container\">\n\t\t\t\t\t\t\t\t\t\t\t\t\t<img loading=\"lazy\" decoding=\"async\" width=\"1024\" height=\"119\" src=\"https:\/\/weronikajazikowska.pl\/wp-content\/uploads\/2023\/01\/LOGO-WHITE3-1024x119.png\" class=\"attachment-large size-large wp-image-644\" alt=\"\" srcset=\"https:\/\/weronikajazikowska.pl\/wp-content\/uploads\/2023\/01\/LOGO-WHITE3-1024x119.png 1024w, https:\/\/weronikajazikowska.pl\/wp-content\/uploads\/2023\/01\/LOGO-WHITE3-300x35.png 300w, https:\/\/weronikajazikowska.pl\/wp-content\/uploads\/2023\/01\/LOGO-WHITE3-768x90.png 768w, https:\/\/weronikajazikowska.pl\/wp-content\/uploads\/2023\/01\/LOGO-WHITE3.png 1492w\" sizes=\"(max-width: 1024px) 100vw, 1024px\" \/>\t\t\t\t\t\t\t\t\t\t\t\t\t<\/div>\n\t\t\t\t<\/div>\n\t\t\t\t\t<\/div>\n\t\t<\/div>\n\t\t\t\t<div class=\"elementor-column elementor-col-33 elementor-top-column elementor-element elementor-element-36a91dc8\" data-id=\"36a91dc8\" data-element_type=\"column\">\n\t\t\t<div class=\"elementor-widget-wrap\">\n\t\t\t\t\t\t\t<\/div>\n\t\t<\/div>\n\t\t\t\t\t<\/div>\n\t\t<\/section>\n\t\t\t\t<\/div>\n\t\t","protected":false},"excerpt":{"rendered":"<p>REPORTA\u017bOKOLICZNO\u015aCIOWY Portfolio KOMUNIE, ROCZKI, CHRZCINY&#8230; Chrzciny, Roczek, Komunia \u015awi\u0119ta to wyj\u0105tkowa i niepowtarzalna chwila zar\u00f3wno dla m\u0142odego cz\u0142owieka, jak i jego najbli\u017cszej rodziny. Chrzciny i Roczek to etapy w \u017cyciu, kt\u00f3rych nikt z nas nie pami\u0119ta, co jest rzecz\u0105 naturaln\u0105. Z Komunii \u015awi\u0119tej z kolei mo\u017cemy mie\u0107 wi\u0119cej wspomnie\u0144, co nie oznacza, \u017ce pami\u0119tamy wszystko. [&hellip;]<\/p>\n","protected":false},"author":1,"featured_media":0,"parent":0,"menu_order":0,"comment_status":"closed","ping_status":"closed","template":"","meta":{"_eb_attr":"","site-sidebar-layout":"no-sidebar","site-content-layout":"page-builder","ast-site-content-layout":"","site-content-style":"default","site-sidebar-style":"default","ast-global-header-display":"","ast-banner-title-visibility":"","ast-main-header-display":"","ast-hfb-above-header-display":"","ast-hfb-below-header-display":"","ast-hfb-mobile-header-display":"","site-post-title":"disabled","ast-breadcrumbs-content":"","ast-featured-img":"disabled","footer-sml-layout":"","theme-transparent-header-meta":"enabled","adv-header-id-meta":"","stick-header-meta":"","header-above-stick-meta":"","header-main-stick-meta":"","header-below-stick-meta":"","astra-migrate-meta-layouts":"default","ast-page-background-enabled":"default","ast-page-background-meta":{"desktop":{"background-color":"","background-image":"","background-repeat":"repeat","background-position":"center center","background-size":"auto","background-attachment":"scroll","background-type":"","background-media":"","overlay-type":"","overlay-color":"","overlay-gradient":""},"tablet":{"background-color":"","background-image":"","background-repeat":"repeat","background-position":"center center","background-size":"auto","background-attachment":"scroll","background-type":"","background-media":"","overlay-type":"","overlay-color":"","overlay-gradient":""},"mobile":{"background-color":"","background-image":"","background-repeat":"repeat","background-position":"center center","background-size":"auto","background-attachment":"scroll","background-type":"","background-media":"","overlay-type":"","overlay-color":"","overlay-gradient":""}},"ast-content-background-meta":{"desktop":{"background-color":"var(--ast-global-color-5)","background-image":"","background-repeat":"repeat","background-position":"center center","background-size":"auto","background-attachment":"scroll","background-type":"","background-media":"","overlay-type":"","overlay-color":"","overlay-gradient":""},"tablet":{"background-color":"var(--ast-global-color-5)","background-image":"","background-repeat":"repeat","background-position":"center center","background-size":"auto","background-attachment":"scroll","background-type":"","background-media":"","overlay-type":"","overlay-color":"","overlay-gradient":""},"mobile":{"background-color":"var(--ast-global-color-5)","background-image":"","background-repeat":"repeat","background-position":"center center","background-size":"auto","background-attachment":"scroll","background-type":"","background-media":"","overlay-type":"","overlay-color":"","overlay-gradient":""}},"footnotes":""},"_links":{"self":[{"href":"https:\/\/weronikajazikowska.pl\/index.php\/wp-json\/wp\/v2\/pages\/950"}],"collection":[{"href":"https:\/\/weronikajazikowska.pl\/index.php\/wp-json\/wp\/v2\/pages"}],"about":[{"href":"https:\/\/weronikajazikowska.pl\/index.php\/wp-json\/wp\/v2\/types\/page"}],"author":[{"embeddable":true,"href":"https:\/\/weronikajazikowska.pl\/index.php\/wp-json\/wp\/v2\/users\/1"}],"replies":[{"embeddable":true,"href":"https:\/\/weronikajazikowska.pl\/index.php\/wp-json\/wp\/v2\/comments?post=950"}],"version-history":[{"count":49,"href":"https:\/\/weronikajazikowska.pl\/index.php\/wp-json\/wp\/v2\/pages\/950\/revisions"}],"predecessor-version":[{"id":1973,"href":"https:\/\/weronikajazikowska.pl\/index.php\/wp-json\/wp\/v2\/pages\/950\/revisions\/1973"}],"wp:attachment":[{"href":"https:\/\/weronikajazikowska.pl\/index.php\/wp-json\/wp\/v2\/media?parent=950"}],"curies":[{"name":"wp","href":"https:\/\/api.w.org\/{rel}","templated":true}]}}