{"id":927,"date":"2023-01-20T10:16:40","date_gmt":"2023-01-20T10:16:40","guid":{"rendered":"https:\/\/weronikajazikowska.pl\/?page_id=927"},"modified":"2023-02-01T08:29:04","modified_gmt":"2023-02-01T08:29:04","slug":"panienska","status":"publish","type":"page","link":"https:\/\/weronikajazikowska.pl\/index.php\/panienska\/","title":{"rendered":"panienska"},"content":{"rendered":"\t\t<div data-elementor-type=\"wp-post\" data-elementor-id=\"927\" class=\"elementor elementor-927\">\n\t\t\t\t\t\t<section class=\"elementor-section elementor-top-section elementor-element elementor-element-7ac9ca5 elementor-section-boxed elementor-section-height-default elementor-section-height-default\" data-id=\"7ac9ca5\" data-element_type=\"section\" data-settings=\"{&quot;background_background&quot;:&quot;classic&quot;}\">\n\t\t\t\t\t\t\t<div class=\"elementor-background-overlay\"><\/div>\n\t\t\t\t\t\t\t<div class=\"elementor-container elementor-column-gap-default\">\n\t\t\t\t\t<div class=\"elementor-column elementor-col-100 elementor-top-column elementor-element elementor-element-90988fe\" data-id=\"90988fe\" data-element_type=\"column\">\n\t\t\t<div class=\"elementor-widget-wrap elementor-element-populated\">\n\t\t\t\t\t\t<div class=\"elementor-element elementor-element-4a1c612 elementor-widget elementor-widget-heading\" data-id=\"4a1c612\" data-element_type=\"widget\" data-widget_type=\"heading.default\">\n\t\t\t\t<div class=\"elementor-widget-container\">\n\t\t\t<h1 class=\"elementor-heading-title elementor-size-default\">SESJA PANIE\u0143SKA<\/h1>\t\t<\/div>\n\t\t\t\t<\/div>\n\t\t\t\t\t<\/div>\n\t\t<\/div>\n\t\t\t\t\t<\/div>\n\t\t<\/section>\n\t\t\t\t<section class=\"elementor-section elementor-top-section elementor-element elementor-element-38e3c661 elementor-section-content-middle elementor-section-boxed elementor-section-height-default elementor-section-height-default\" data-id=\"38e3c661\" data-element_type=\"section\">\n\t\t\t\t\t\t\t<div class=\"elementor-background-overlay\"><\/div>\n\t\t\t\t\t\t\t<div class=\"elementor-container elementor-column-gap-no\">\n\t\t\t\t\t<div class=\"elementor-column elementor-col-100 elementor-top-column elementor-element elementor-element-45323b82\" data-id=\"45323b82\" data-element_type=\"column\">\n\t\t\t<div class=\"elementor-widget-wrap elementor-element-populated\">\n\t\t\t\t\t\t<div class=\"elementor-element elementor-element-54d5795e elementor-widget-divider--view-line_text elementor-widget-divider--element-align-left elementor-widget elementor-widget-divider\" data-id=\"54d5795e\" data-element_type=\"widget\" data-widget_type=\"divider.default\">\n\t\t\t\t<div class=\"elementor-widget-container\">\n\t\t\t\t\t<div class=\"elementor-divider\">\n\t\t\t<span class=\"elementor-divider-separator\">\n\t\t\t\t\t\t\t<h6 class=\"elementor-divider__text elementor-divider__element\">\n\t\t\t\tPortfolio\t\t\t\t<\/h6>\n\t\t\t\t\t\t<\/span>\n\t\t<\/div>\n\t\t\t\t<\/div>\n\t\t\t\t<\/div>\n\t\t\t\t<div class=\"elementor-element elementor-element-118c9e8b elementor-widget elementor-widget-image-box\" data-id=\"118c9e8b\" data-element_type=\"widget\" data-widget_type=\"image-box.default\">\n\t\t\t\t<div class=\"elementor-widget-container\">\n\t\t\t<div class=\"elementor-image-box-wrapper\"><div class=\"elementor-image-box-content\"><h2 class=\"elementor-image-box-title\">SESJA PANIE\u0143SKA<\/h2><p class=\"elementor-image-box-description\"><span style=\"text-align: center;\">Sesja przepe\u0142niona znakomit\u0105 zabaw\u0105 i rado\u015bci\u0105. To tryb reporta\u017cu, w kt\u00f3rym nierzadko pojawia si\u0119 wiele emocji \u2013 zaskoczenie, \u0142zy szcz\u0119\u015bcia, euforia. Trzeba by\u0107 niezwykle czujnym, by uwieczni\u0107 je dla Was w formie cudownej pami\u0105tki.<\/span><\/p><\/div><\/div>\t\t<\/div>\n\t\t\t\t<\/div>\n\t\t\t\t\t<\/div>\n\t\t<\/div>\n\t\t\t\t\t<\/div>\n\t\t<\/section>\n\t\t\t\t<section class=\"elementor-section elementor-top-section elementor-element elementor-element-725c20aa elementor-section-boxed elementor-section-height-default elementor-section-height-default\" data-id=\"725c20aa\" data-element_type=\"section\">\n\t\t\t\t\t\t<div class=\"elementor-container elementor-column-gap-default\">\n\t\t\t\t\t<div class=\"elementor-column elementor-col-100 elementor-top-column elementor-element elementor-element-62b18755\" data-id=\"62b18755\" data-element_type=\"column\">\n\t\t\t<div class=\"elementor-widget-wrap elementor-element-populated\">\n\t\t\t\t\t\t<div class=\"elementor-element elementor-element-5959fd06 gallery-spacing-custom elementor-invisible elementor-widget elementor-widget-image-gallery\" data-id=\"5959fd06\" data-element_type=\"widget\" data-settings=\"{&quot;_animation&quot;:&quot;fadeInLeft&quot;}\" data-widget_type=\"image-gallery.default\">\n\t\t\t\t<div class=\"elementor-widget-container\">\n\t\t\t\t\t<div class=\"elementor-image-gallery\">\n\t\t\t<div id='gallery-1' class='gallery galleryid-927 gallery-columns-2 gallery-size-full'><figure class='gallery-item'>\n\t\t\t<div class='gallery-icon landscape'>\n\t\t\t\t<a data-elementor-open-lightbox=\"yes\" data-elementor-lightbox-slideshow=\"5959fd06\" data-elementor-lightbox-title=\"Sesja panie\u0144ska\" data-e-action-hash=\"#elementor-action%3Aaction%3Dlightbox%26settings%3DeyJpZCI6NTUsInVybCI6Imh0dHBzOlwvXC93ZXJvbmlrYWphemlrb3dza2EucGxcL3dwLWNvbnRlbnRcL3VwbG9hZHNcLzIwMjNcLzAxXC9EU0NfODMzNC0xMDEuanBnIiwic2xpZGVzaG93IjoiNTk1OWZkMDYifQ%3D%3D\" href='https:\/\/weronikajazikowska.pl\/wp-content\/uploads\/2023\/01\/DSC_8334-101.jpg'><img fetchpriority=\"high\" decoding=\"async\" width=\"1500\" height=\"997\" src=\"https:\/\/weronikajazikowska.pl\/wp-content\/uploads\/2023\/01\/DSC_8334-101.jpg\" class=\"attachment-full size-full\" alt=\"\" aria-describedby=\"gallery-1-55\" srcset=\"https:\/\/weronikajazikowska.pl\/wp-content\/uploads\/2023\/01\/DSC_8334-101.jpg 1500w, https:\/\/weronikajazikowska.pl\/wp-content\/uploads\/2023\/01\/DSC_8334-101-300x199.jpg 300w, https:\/\/weronikajazikowska.pl\/wp-content\/uploads\/2023\/01\/DSC_8334-101-1024x681.jpg 1024w, https:\/\/weronikajazikowska.pl\/wp-content\/uploads\/2023\/01\/DSC_8334-101-768x510.jpg 768w\" sizes=\"(max-width: 1500px) 100vw, 1500px\" \/><\/a>\n\t\t\t<\/div>\n\t\t\t\t<figcaption class='wp-caption-text gallery-caption' id='gallery-1-55'>\n\t\t\t\tFoto: Weronika Jazikowska\n\t\t\t\t<\/figcaption><\/figure><figure class='gallery-item'>\n\t\t\t<div class='gallery-icon landscape'>\n\t\t\t\t<a data-elementor-open-lightbox=\"yes\" data-elementor-lightbox-slideshow=\"5959fd06\" data-elementor-lightbox-title=\"Sesja panie\u0144ska\" data-e-action-hash=\"#elementor-action%3Aaction%3Dlightbox%26settings%3DeyJpZCI6NTcsInVybCI6Imh0dHBzOlwvXC93ZXJvbmlrYWphemlrb3dza2EucGxcL3dwLWNvbnRlbnRcL3VwbG9hZHNcLzIwMjNcLzAxXC9EU0NfODQxMC0xMzIuanBnIiwic2xpZGVzaG93IjoiNTk1OWZkMDYifQ%3D%3D\" href='https:\/\/weronikajazikowska.pl\/wp-content\/uploads\/2023\/01\/DSC_8410-132.jpg'><img decoding=\"async\" width=\"1500\" height=\"997\" src=\"https:\/\/weronikajazikowska.pl\/wp-content\/uploads\/2023\/01\/DSC_8410-132.jpg\" class=\"attachment-full size-full\" alt=\"\" aria-describedby=\"gallery-1-57\" srcset=\"https:\/\/weronikajazikowska.pl\/wp-content\/uploads\/2023\/01\/DSC_8410-132.jpg 1500w, https:\/\/weronikajazikowska.pl\/wp-content\/uploads\/2023\/01\/DSC_8410-132-300x199.jpg 300w, https:\/\/weronikajazikowska.pl\/wp-content\/uploads\/2023\/01\/DSC_8410-132-1024x681.jpg 1024w, https:\/\/weronikajazikowska.pl\/wp-content\/uploads\/2023\/01\/DSC_8410-132-768x510.jpg 768w\" sizes=\"(max-width: 1500px) 100vw, 1500px\" \/><\/a>\n\t\t\t<\/div>\n\t\t\t\t<figcaption class='wp-caption-text gallery-caption' id='gallery-1-57'>\n\t\t\t\tFoto: Weronika Jazikowska\n\t\t\t\t<\/figcaption><\/figure><figure class='gallery-item'>\n\t\t\t<div class='gallery-icon landscape'>\n\t\t\t\t<a data-elementor-open-lightbox=\"yes\" data-elementor-lightbox-slideshow=\"5959fd06\" data-elementor-lightbox-title=\"Sesja panie\u0144ska\" data-e-action-hash=\"#elementor-action%3Aaction%3Dlightbox%26settings%3DeyJpZCI6NTYsInVybCI6Imh0dHBzOlwvXC93ZXJvbmlrYWphemlrb3dza2EucGxcL3dwLWNvbnRlbnRcL3VwbG9hZHNcLzIwMjNcLzAxXC9EU0NfODM5MC0xMjEuanBnIiwic2xpZGVzaG93IjoiNTk1OWZkMDYifQ%3D%3D\" href='https:\/\/weronikajazikowska.pl\/wp-content\/uploads\/2023\/01\/DSC_8390-121.jpg'><img decoding=\"async\" width=\"1500\" height=\"997\" src=\"https:\/\/weronikajazikowska.pl\/wp-content\/uploads\/2023\/01\/DSC_8390-121.jpg\" class=\"attachment-full size-full\" alt=\"\" aria-describedby=\"gallery-1-56\" srcset=\"https:\/\/weronikajazikowska.pl\/wp-content\/uploads\/2023\/01\/DSC_8390-121.jpg 1500w, https:\/\/weronikajazikowska.pl\/wp-content\/uploads\/2023\/01\/DSC_8390-121-300x199.jpg 300w, https:\/\/weronikajazikowska.pl\/wp-content\/uploads\/2023\/01\/DSC_8390-121-1024x681.jpg 1024w, https:\/\/weronikajazikowska.pl\/wp-content\/uploads\/2023\/01\/DSC_8390-121-768x510.jpg 768w\" sizes=\"(max-width: 1500px) 100vw, 1500px\" \/><\/a>\n\t\t\t<\/div>\n\t\t\t\t<figcaption class='wp-caption-text gallery-caption' id='gallery-1-56'>\n\t\t\t\tFoto: Weronika Jazikowska\n\t\t\t\t<\/figcaption><\/figure><figure class='gallery-item'>\n\t\t\t<div class='gallery-icon landscape'>\n\t\t\t\t<a data-elementor-open-lightbox=\"yes\" data-elementor-lightbox-slideshow=\"5959fd06\" data-elementor-lightbox-title=\"Sesja panie\u0144ska\" data-e-action-hash=\"#elementor-action%3Aaction%3Dlightbox%26settings%3DeyJpZCI6NTAsInVybCI6Imh0dHBzOlwvXC93ZXJvbmlrYWphemlrb3dza2EucGxcL3dwLWNvbnRlbnRcL3VwbG9hZHNcLzIwMjNcLzAxXC9EU0NfNDc2NC5qcGciLCJzbGlkZXNob3ciOiI1OTU5ZmQwNiJ9\" href='https:\/\/weronikajazikowska.pl\/wp-content\/uploads\/2023\/01\/DSC_4764.jpg'><img loading=\"lazy\" decoding=\"async\" width=\"1500\" height=\"998\" src=\"https:\/\/weronikajazikowska.pl\/wp-content\/uploads\/2023\/01\/DSC_4764.jpg\" class=\"attachment-full size-full\" alt=\"\" aria-describedby=\"gallery-1-50\" srcset=\"https:\/\/weronikajazikowska.pl\/wp-content\/uploads\/2023\/01\/DSC_4764.jpg 1500w, https:\/\/weronikajazikowska.pl\/wp-content\/uploads\/2023\/01\/DSC_4764-300x200.jpg 300w, https:\/\/weronikajazikowska.pl\/wp-content\/uploads\/2023\/01\/DSC_4764-1024x681.jpg 1024w, https:\/\/weronikajazikowska.pl\/wp-content\/uploads\/2023\/01\/DSC_4764-768x511.jpg 768w\" sizes=\"(max-width: 1500px) 100vw, 1500px\" \/><\/a>\n\t\t\t<\/div>\n\t\t\t\t<figcaption class='wp-caption-text gallery-caption' id='gallery-1-50'>\n\t\t\t\tFoto: Weronika Jazikowska\n\t\t\t\t<\/figcaption><\/figure><figure class='gallery-item'>\n\t\t\t<div class='gallery-icon landscape'>\n\t\t\t\t<a data-elementor-open-lightbox=\"yes\" data-elementor-lightbox-slideshow=\"5959fd06\" data-elementor-lightbox-title=\"Sesja panie\u0144ska\" data-e-action-hash=\"#elementor-action%3Aaction%3Dlightbox%26settings%3DeyJpZCI6NDksInVybCI6Imh0dHBzOlwvXC93ZXJvbmlrYWphemlrb3dza2EucGxcL3dwLWNvbnRlbnRcL3VwbG9hZHNcLzIwMjNcLzAxXC9EU0NfNDcyMS5qcGciLCJzbGlkZXNob3ciOiI1OTU5ZmQwNiJ9\" href='https:\/\/weronikajazikowska.pl\/wp-content\/uploads\/2023\/01\/DSC_4721.jpg'><img loading=\"lazy\" decoding=\"async\" width=\"1500\" height=\"998\" src=\"https:\/\/weronikajazikowska.pl\/wp-content\/uploads\/2023\/01\/DSC_4721.jpg\" class=\"attachment-full size-full\" alt=\"\" aria-describedby=\"gallery-1-49\" srcset=\"https:\/\/weronikajazikowska.pl\/wp-content\/uploads\/2023\/01\/DSC_4721.jpg 1500w, https:\/\/weronikajazikowska.pl\/wp-content\/uploads\/2023\/01\/DSC_4721-300x200.jpg 300w, https:\/\/weronikajazikowska.pl\/wp-content\/uploads\/2023\/01\/DSC_4721-1024x681.jpg 1024w, https:\/\/weronikajazikowska.pl\/wp-content\/uploads\/2023\/01\/DSC_4721-768x511.jpg 768w\" sizes=\"(max-width: 1500px) 100vw, 1500px\" \/><\/a>\n\t\t\t<\/div>\n\t\t\t\t<figcaption class='wp-caption-text gallery-caption' id='gallery-1-49'>\n\t\t\t\tFoto: Weronika Jazikowska\n\t\t\t\t<\/figcaption><\/figure><figure class='gallery-item'>\n\t\t\t<div class='gallery-icon landscape'>\n\t\t\t\t<a data-elementor-open-lightbox=\"yes\" data-elementor-lightbox-slideshow=\"5959fd06\" data-elementor-lightbox-title=\"Sesja panie\u0144ska\" data-e-action-hash=\"#elementor-action%3Aaction%3Dlightbox%26settings%3DeyJpZCI6NTEsInVybCI6Imh0dHBzOlwvXC93ZXJvbmlrYWphemlrb3dza2EucGxcL3dwLWNvbnRlbnRcL3VwbG9hZHNcLzIwMjNcLzAxXC9EU0NfNDkwMS5qcGciLCJzbGlkZXNob3ciOiI1OTU5ZmQwNiJ9\" href='https:\/\/weronikajazikowska.pl\/wp-content\/uploads\/2023\/01\/DSC_4901.jpg'><img loading=\"lazy\" decoding=\"async\" width=\"1500\" height=\"998\" src=\"https:\/\/weronikajazikowska.pl\/wp-content\/uploads\/2023\/01\/DSC_4901.jpg\" class=\"attachment-full size-full\" alt=\"\" aria-describedby=\"gallery-1-51\" srcset=\"https:\/\/weronikajazikowska.pl\/wp-content\/uploads\/2023\/01\/DSC_4901.jpg 1500w, https:\/\/weronikajazikowska.pl\/wp-content\/uploads\/2023\/01\/DSC_4901-300x200.jpg 300w, https:\/\/weronikajazikowska.pl\/wp-content\/uploads\/2023\/01\/DSC_4901-1024x681.jpg 1024w, https:\/\/weronikajazikowska.pl\/wp-content\/uploads\/2023\/01\/DSC_4901-768x511.jpg 768w\" sizes=\"(max-width: 1500px) 100vw, 1500px\" \/><\/a>\n\t\t\t<\/div>\n\t\t\t\t<figcaption class='wp-caption-text gallery-caption' id='gallery-1-51'>\n\t\t\t\tFoto: Weronika Jazikowska\n\t\t\t\t<\/figcaption><\/figure><figure class='gallery-item'>\n\t\t\t<div class='gallery-icon landscape'>\n\t\t\t\t<a data-elementor-open-lightbox=\"yes\" data-elementor-lightbox-slideshow=\"5959fd06\" data-elementor-lightbox-title=\"Sesja panie\u0144ska\" data-e-action-hash=\"#elementor-action%3Aaction%3Dlightbox%26settings%3DeyJpZCI6NTMsInVybCI6Imh0dHBzOlwvXC93ZXJvbmlrYWphemlrb3dza2EucGxcL3dwLWNvbnRlbnRcL3VwbG9hZHNcLzIwMjNcLzAxXC9EU0NfNTg0NC0xLmpwZyIsInNsaWRlc2hvdyI6IjU5NTlmZDA2In0%3D\" href='https:\/\/weronikajazikowska.pl\/wp-content\/uploads\/2023\/01\/DSC_5844-1.jpg'><img loading=\"lazy\" decoding=\"async\" width=\"1500\" height=\"997\" src=\"https:\/\/weronikajazikowska.pl\/wp-content\/uploads\/2023\/01\/DSC_5844-1.jpg\" class=\"attachment-full size-full\" alt=\"\" aria-describedby=\"gallery-1-53\" srcset=\"https:\/\/weronikajazikowska.pl\/wp-content\/uploads\/2023\/01\/DSC_5844-1.jpg 1500w, https:\/\/weronikajazikowska.pl\/wp-content\/uploads\/2023\/01\/DSC_5844-1-300x199.jpg 300w, https:\/\/weronikajazikowska.pl\/wp-content\/uploads\/2023\/01\/DSC_5844-1-1024x681.jpg 1024w, https:\/\/weronikajazikowska.pl\/wp-content\/uploads\/2023\/01\/DSC_5844-1-768x510.jpg 768w\" sizes=\"(max-width: 1500px) 100vw, 1500px\" \/><\/a>\n\t\t\t<\/div>\n\t\t\t\t<figcaption class='wp-caption-text gallery-caption' id='gallery-1-53'>\n\t\t\t\tFoto: Weronika Jazikowska\n\t\t\t\t<\/figcaption><\/figure><figure class='gallery-item'>\n\t\t\t<div class='gallery-icon landscape'>\n\t\t\t\t<a data-elementor-open-lightbox=\"yes\" data-elementor-lightbox-slideshow=\"5959fd06\" data-elementor-lightbox-title=\"Sesja panie\u0144ska\" data-e-action-hash=\"#elementor-action%3Aaction%3Dlightbox%26settings%3DeyJpZCI6NDgsInVybCI6Imh0dHBzOlwvXC93ZXJvbmlrYWphemlrb3dza2EucGxcL3dwLWNvbnRlbnRcL3VwbG9hZHNcLzIwMjNcLzAxXC9EU0NfNDY4NS5qcGciLCJzbGlkZXNob3ciOiI1OTU5ZmQwNiJ9\" href='https:\/\/weronikajazikowska.pl\/wp-content\/uploads\/2023\/01\/DSC_4685.jpg'><img loading=\"lazy\" decoding=\"async\" width=\"1500\" height=\"998\" src=\"https:\/\/weronikajazikowska.pl\/wp-content\/uploads\/2023\/01\/DSC_4685.jpg\" class=\"attachment-full size-full\" alt=\"\" aria-describedby=\"gallery-1-48\" srcset=\"https:\/\/weronikajazikowska.pl\/wp-content\/uploads\/2023\/01\/DSC_4685.jpg 1500w, https:\/\/weronikajazikowska.pl\/wp-content\/uploads\/2023\/01\/DSC_4685-300x200.jpg 300w, https:\/\/weronikajazikowska.pl\/wp-content\/uploads\/2023\/01\/DSC_4685-1024x681.jpg 1024w, https:\/\/weronikajazikowska.pl\/wp-content\/uploads\/2023\/01\/DSC_4685-768x511.jpg 768w\" sizes=\"(max-width: 1500px) 100vw, 1500px\" \/><\/a>\n\t\t\t<\/div>\n\t\t\t\t<figcaption class='wp-caption-text gallery-caption' id='gallery-1-48'>\n\t\t\t\tFoto: Weronika Jazikowska\n\t\t\t\t<\/figcaption><\/figure>\n\t\t<\/div>\n\t\t<\/div>\n\t\t\t\t<\/div>\n\t\t\t\t<\/div>\n\t\t\t\t\t<\/div>\n\t\t<\/div>\n\t\t\t\t\t<\/div>\n\t\t<\/section>\n\t\t\t\t<section class=\"elementor-section elementor-top-section elementor-element elementor-element-6dd7729 elementor-section-height-min-height elementor-section-boxed elementor-section-height-default elementor-section-items-middle\" data-id=\"6dd7729\" data-element_type=\"section\">\n\t\t\t\t\t\t<div class=\"elementor-container elementor-column-gap-default\">\n\t\t\t\t\t<div class=\"elementor-column elementor-col-100 elementor-top-column elementor-element elementor-element-8bc02cd\" data-id=\"8bc02cd\" data-element_type=\"column\">\n\t\t\t<div class=\"elementor-widget-wrap\">\n\t\t\t\t\t\t\t<\/div>\n\t\t<\/div>\n\t\t\t\t\t<\/div>\n\t\t<\/section>\n\t\t\t\t<section class=\"elementor-section elementor-top-section elementor-element elementor-element-5a0ffc5d elementor-section-boxed elementor-section-height-default elementor-section-height-default\" data-id=\"5a0ffc5d\" data-element_type=\"section\" data-settings=\"{&quot;background_background&quot;:&quot;classic&quot;}\">\n\t\t\t\t\t\t<div class=\"elementor-container elementor-column-gap-default\">\n\t\t\t\t\t<div class=\"elementor-column elementor-col-33 elementor-top-column elementor-element elementor-element-9d014c9\" data-id=\"9d014c9\" data-element_type=\"column\">\n\t\t\t<div class=\"elementor-widget-wrap\">\n\t\t\t\t\t\t\t<\/div>\n\t\t<\/div>\n\t\t\t\t<div class=\"elementor-column elementor-col-33 elementor-top-column elementor-element elementor-element-4a030a2a\" data-id=\"4a030a2a\" data-element_type=\"column\">\n\t\t\t<div class=\"elementor-widget-wrap elementor-element-populated\">\n\t\t\t\t\t\t<div class=\"elementor-element elementor-element-5111e4ab elementor-widget elementor-widget-image\" data-id=\"5111e4ab\" data-element_type=\"widget\" data-widget_type=\"image.default\">\n\t\t\t\t<div class=\"elementor-widget-container\">\n\t\t\t\t\t\t\t\t\t\t\t\t\t<img loading=\"lazy\" decoding=\"async\" width=\"1024\" height=\"119\" src=\"https:\/\/weronikajazikowska.pl\/wp-content\/uploads\/2023\/01\/LOGO-WHITE3-1024x119.png\" class=\"attachment-large size-large wp-image-644\" alt=\"\" srcset=\"https:\/\/weronikajazikowska.pl\/wp-content\/uploads\/2023\/01\/LOGO-WHITE3-1024x119.png 1024w, https:\/\/weronikajazikowska.pl\/wp-content\/uploads\/2023\/01\/LOGO-WHITE3-300x35.png 300w, https:\/\/weronikajazikowska.pl\/wp-content\/uploads\/2023\/01\/LOGO-WHITE3-768x90.png 768w, https:\/\/weronikajazikowska.pl\/wp-content\/uploads\/2023\/01\/LOGO-WHITE3.png 1492w\" sizes=\"(max-width: 1024px) 100vw, 1024px\" \/>\t\t\t\t\t\t\t\t\t\t\t\t\t<\/div>\n\t\t\t\t<\/div>\n\t\t\t\t\t<\/div>\n\t\t<\/div>\n\t\t\t\t<div class=\"elementor-column elementor-col-33 elementor-top-column elementor-element elementor-element-5026b1d8\" data-id=\"5026b1d8\" data-element_type=\"column\">\n\t\t\t<div class=\"elementor-widget-wrap\">\n\t\t\t\t\t\t\t<\/div>\n\t\t<\/div>\n\t\t\t\t\t<\/div>\n\t\t<\/section>\n\t\t\t\t<\/div>\n\t\t","protected":false},"excerpt":{"rendered":"<p>SESJA PANIE\u0143SKA Portfolio SESJA PANIE\u0143SKA Sesja przepe\u0142niona znakomit\u0105 zabaw\u0105 i rado\u015bci\u0105. To tryb reporta\u017cu, w kt\u00f3rym nierzadko pojawia si\u0119 wiele emocji \u2013 zaskoczenie, \u0142zy szcz\u0119\u015bcia, euforia. Trzeba by\u0107 niezwykle czujnym, by uwieczni\u0107 je dla Was w formie cudownej pami\u0105tki. Foto: Weronika Jazikowska Foto: Weronika Jazikowska Foto: Weronika Jazikowska Foto: Weronika Jazikowska Foto: Weronika Jazikowska Foto: [&hellip;]<\/p>\n","protected":false},"author":1,"featured_media":0,"parent":0,"menu_order":0,"comment_status":"closed","ping_status":"closed","template":"","meta":{"_eb_attr":"","site-sidebar-layout":"no-sidebar","site-content-layout":"page-builder","ast-site-content-layout":"","site-content-style":"default","site-sidebar-style":"default","ast-global-header-display":"","ast-banner-title-visibility":"","ast-main-header-display":"","ast-hfb-above-header-display":"","ast-hfb-below-header-display":"","ast-hfb-mobile-header-display":"","site-post-title":"disabled","ast-breadcrumbs-content":"","ast-featured-img":"disabled","footer-sml-layout":"","theme-transparent-header-meta":"enabled","adv-header-id-meta":"","stick-header-meta":"","header-above-stick-meta":"","header-main-stick-meta":"","header-below-stick-meta":"","astra-migrate-meta-layouts":"default","ast-page-background-enabled":"default","ast-page-background-meta":{"desktop":{"background-color":"","background-image":"","background-repeat":"repeat","background-position":"center center","background-size":"auto","background-attachment":"scroll","background-type":"","background-media":"","overlay-type":"","overlay-color":"","overlay-gradient":""},"tablet":{"background-color":"","background-image":"","background-repeat":"repeat","background-position":"center center","background-size":"auto","background-attachment":"scroll","background-type":"","background-media":"","overlay-type":"","overlay-color":"","overlay-gradient":""},"mobile":{"background-color":"","background-image":"","background-repeat":"repeat","background-position":"center center","background-size":"auto","background-attachment":"scroll","background-type":"","background-media":"","overlay-type":"","overlay-color":"","overlay-gradient":""}},"ast-content-background-meta":{"desktop":{"background-color":"var(--ast-global-color-5)","background-image":"","background-repeat":"repeat","background-position":"center center","background-size":"auto","background-attachment":"scroll","background-type":"","background-media":"","overlay-type":"","overlay-color":"","overlay-gradient":""},"tablet":{"background-color":"var(--ast-global-color-5)","background-image":"","background-repeat":"repeat","background-position":"center center","background-size":"auto","background-attachment":"scroll","background-type":"","background-media":"","overlay-type":"","overlay-color":"","overlay-gradient":""},"mobile":{"background-color":"var(--ast-global-color-5)","background-image":"","background-repeat":"repeat","background-position":"center center","background-size":"auto","background-attachment":"scroll","background-type":"","background-media":"","overlay-type":"","overlay-color":"","overlay-gradient":""}},"footnotes":""},"_links":{"self":[{"href":"https:\/\/weronikajazikowska.pl\/index.php\/wp-json\/wp\/v2\/pages\/927"}],"collection":[{"href":"https:\/\/weronikajazikowska.pl\/index.php\/wp-json\/wp\/v2\/pages"}],"about":[{"href":"https:\/\/weronikajazikowska.pl\/index.php\/wp-json\/wp\/v2\/types\/page"}],"author":[{"embeddable":true,"href":"https:\/\/weronikajazikowska.pl\/index.php\/wp-json\/wp\/v2\/users\/1"}],"replies":[{"embeddable":true,"href":"https:\/\/weronikajazikowska.pl\/index.php\/wp-json\/wp\/v2\/comments?post=927"}],"version-history":[{"count":28,"href":"https:\/\/weronikajazikowska.pl\/index.php\/wp-json\/wp\/v2\/pages\/927\/revisions"}],"predecessor-version":[{"id":1858,"href":"https:\/\/weronikajazikowska.pl\/index.php\/wp-json\/wp\/v2\/pages\/927\/revisions\/1858"}],"wp:attachment":[{"href":"https:\/\/weronikajazikowska.pl\/index.php\/wp-json\/wp\/v2\/media?parent=927"}],"curies":[{"name":"wp","href":"https:\/\/api.w.org\/{rel}","templated":true}]}}