{"id":832,"date":"2023-01-19T20:29:13","date_gmt":"2023-01-19T20:29:13","guid":{"rendered":"https:\/\/weronikajazikowska.pl\/?page_id=832"},"modified":"2023-01-27T20:53:26","modified_gmt":"2023-01-27T20:53:26","slug":"ciazowa","status":"publish","type":"page","link":"https:\/\/weronikajazikowska.pl\/index.php\/ciazowa\/","title":{"rendered":"ciazowa"},"content":{"rendered":"\t\t<div data-elementor-type=\"wp-post\" data-elementor-id=\"832\" class=\"elementor elementor-832\">\n\t\t\t\t\t\t<section class=\"elementor-section elementor-top-section elementor-element elementor-element-7ac9ca5 elementor-section-boxed elementor-section-height-default elementor-section-height-default\" data-id=\"7ac9ca5\" data-element_type=\"section\" data-settings=\"{&quot;background_background&quot;:&quot;classic&quot;}\">\n\t\t\t\t\t\t\t<div class=\"elementor-background-overlay\"><\/div>\n\t\t\t\t\t\t\t<div class=\"elementor-container elementor-column-gap-default\">\n\t\t\t\t\t<div class=\"elementor-column elementor-col-100 elementor-top-column elementor-element elementor-element-90988fe\" data-id=\"90988fe\" data-element_type=\"column\">\n\t\t\t<div class=\"elementor-widget-wrap elementor-element-populated\">\n\t\t\t\t\t\t<div class=\"elementor-element elementor-element-4a1c612 elementor-widget elementor-widget-heading\" data-id=\"4a1c612\" data-element_type=\"widget\" data-widget_type=\"heading.default\">\n\t\t\t\t<div class=\"elementor-widget-container\">\n\t\t\t<h1 class=\"elementor-heading-title elementor-size-default\">SESJA CI\u0104\u017bOWA<\/h1>\t\t<\/div>\n\t\t\t\t<\/div>\n\t\t\t\t\t<\/div>\n\t\t<\/div>\n\t\t\t\t\t<\/div>\n\t\t<\/section>\n\t\t\t\t<section class=\"elementor-section elementor-top-section elementor-element elementor-element-6833f312 elementor-section-content-middle elementor-section-boxed elementor-section-height-default elementor-section-height-default\" data-id=\"6833f312\" data-element_type=\"section\">\n\t\t\t\t\t\t\t<div class=\"elementor-background-overlay\"><\/div>\n\t\t\t\t\t\t\t<div class=\"elementor-container elementor-column-gap-no\">\n\t\t\t\t\t<div class=\"elementor-column elementor-col-100 elementor-top-column elementor-element elementor-element-509ff236\" data-id=\"509ff236\" data-element_type=\"column\">\n\t\t\t<div class=\"elementor-widget-wrap elementor-element-populated\">\n\t\t\t\t\t\t<div class=\"elementor-element elementor-element-24104e35 elementor-widget-divider--view-line_text elementor-widget-divider--element-align-left elementor-widget elementor-widget-divider\" data-id=\"24104e35\" data-element_type=\"widget\" data-widget_type=\"divider.default\">\n\t\t\t\t<div class=\"elementor-widget-container\">\n\t\t\t\t\t<div class=\"elementor-divider\">\n\t\t\t<span class=\"elementor-divider-separator\">\n\t\t\t\t\t\t\t<h6 class=\"elementor-divider__text elementor-divider__element\">\n\t\t\t\tPortfolio\t\t\t\t<\/h6>\n\t\t\t\t\t\t<\/span>\n\t\t<\/div>\n\t\t\t\t<\/div>\n\t\t\t\t<\/div>\n\t\t\t\t<div class=\"elementor-element elementor-element-8e6024d elementor-widget elementor-widget-image-box\" data-id=\"8e6024d\" data-element_type=\"widget\" data-widget_type=\"image-box.default\">\n\t\t\t\t<div class=\"elementor-widget-container\">\n\t\t\t<div class=\"elementor-image-box-wrapper\"><div class=\"elementor-image-box-content\"><h2 class=\"elementor-image-box-title\">SESJA CI\u0104\u017bOWA<\/h2><p class=\"elementor-image-box-description\"><span style=\"text-align: center;\">Przygotowuj\u0105c koncepcj\u0119 dla takiej sesji chc\u0119 przede wszystkim pokaza\u0107 przysz\u0142\u0105 Mam\u0119 jako symbol pi\u0119kna, nadziei i kobieco\u015bci.<\/span><\/p><\/div><\/div>\t\t<\/div>\n\t\t\t\t<\/div>\n\t\t\t\t\t<\/div>\n\t\t<\/div>\n\t\t\t\t\t<\/div>\n\t\t<\/section>\n\t\t\t\t<section class=\"elementor-section elementor-top-section elementor-element elementor-element-5aa687bd elementor-section-boxed elementor-section-height-default elementor-section-height-default\" data-id=\"5aa687bd\" data-element_type=\"section\">\n\t\t\t\t\t\t<div class=\"elementor-container elementor-column-gap-default\">\n\t\t\t\t\t<div class=\"elementor-column elementor-col-100 elementor-top-column elementor-element elementor-element-b04fa0a\" data-id=\"b04fa0a\" data-element_type=\"column\">\n\t\t\t<div class=\"elementor-widget-wrap elementor-element-populated\">\n\t\t\t\t\t\t<div class=\"elementor-element elementor-element-61d486c4 gallery-spacing-custom elementor-invisible elementor-widget elementor-widget-image-gallery\" data-id=\"61d486c4\" data-element_type=\"widget\" data-settings=\"{&quot;_animation&quot;:&quot;fadeInLeft&quot;}\" data-widget_type=\"image-gallery.default\">\n\t\t\t\t<div class=\"elementor-widget-container\">\n\t\t\t\t\t<div class=\"elementor-image-gallery\">\n\t\t\t<div id='gallery-1' class='gallery galleryid-832 gallery-columns-2 gallery-size-full'><figure class='gallery-item'>\n\t\t\t<div class='gallery-icon landscape'>\n\t\t\t\t<a data-elementor-open-lightbox=\"yes\" data-elementor-lightbox-slideshow=\"61d486c4\" data-elementor-lightbox-title=\"Sesja ci\u0105\u017cowa\" data-e-action-hash=\"#elementor-action%3Aaction%3Dlightbox%26settings%3DeyJpZCI6NDMsInVybCI6Imh0dHBzOlwvXC93ZXJvbmlrYWphemlrb3dza2EucGxcL3dwLWNvbnRlbnRcL3VwbG9hZHNcLzIwMjNcLzAxXC9EU0NfNDYwNC5qcGciLCJzbGlkZXNob3ciOiI2MWQ0ODZjNCJ9\" href='https:\/\/weronikajazikowska.pl\/wp-content\/uploads\/2023\/01\/DSC_4604.jpg'><img fetchpriority=\"high\" decoding=\"async\" width=\"1500\" height=\"997\" src=\"https:\/\/weronikajazikowska.pl\/wp-content\/uploads\/2023\/01\/DSC_4604.jpg\" class=\"attachment-full size-full\" alt=\"\" aria-describedby=\"gallery-1-43\" srcset=\"https:\/\/weronikajazikowska.pl\/wp-content\/uploads\/2023\/01\/DSC_4604.jpg 1500w, https:\/\/weronikajazikowska.pl\/wp-content\/uploads\/2023\/01\/DSC_4604-300x199.jpg 300w, https:\/\/weronikajazikowska.pl\/wp-content\/uploads\/2023\/01\/DSC_4604-1024x681.jpg 1024w, https:\/\/weronikajazikowska.pl\/wp-content\/uploads\/2023\/01\/DSC_4604-768x510.jpg 768w\" sizes=\"(max-width: 1500px) 100vw, 1500px\" \/><\/a>\n\t\t\t<\/div>\n\t\t\t\t<figcaption class='wp-caption-text gallery-caption' id='gallery-1-43'>\n\t\t\t\tAutor: Weronika Jazikowska\n\t\t\t\t<\/figcaption><\/figure><figure class='gallery-item'>\n\t\t\t<div class='gallery-icon landscape'>\n\t\t\t\t<a data-elementor-open-lightbox=\"yes\" data-elementor-lightbox-slideshow=\"61d486c4\" data-elementor-lightbox-title=\"sesja cia\u0328z\u0307owa 2\" data-e-action-hash=\"#elementor-action%3Aaction%3Dlightbox%26settings%3DeyJpZCI6MTQ3OSwidXJsIjoiaHR0cHM6XC9cL3dlcm9uaWthamF6aWtvd3NrYS5wbFwvd3AtY29udGVudFwvdXBsb2Fkc1wvMjAyM1wvMDFcL3Nlc2phLWNpYXpvd2EtMi5qcGciLCJzbGlkZXNob3ciOiI2MWQ0ODZjNCJ9\" href='https:\/\/weronikajazikowska.pl\/wp-content\/uploads\/2023\/01\/sesja-ciazowa-2.jpg'><img decoding=\"async\" width=\"1200\" height=\"798\" src=\"https:\/\/weronikajazikowska.pl\/wp-content\/uploads\/2023\/01\/sesja-ciazowa-2.jpg\" class=\"attachment-full size-full\" alt=\"\" aria-describedby=\"gallery-1-1479\" srcset=\"https:\/\/weronikajazikowska.pl\/wp-content\/uploads\/2023\/01\/sesja-ciazowa-2.jpg 1200w, https:\/\/weronikajazikowska.pl\/wp-content\/uploads\/2023\/01\/sesja-ciazowa-2-300x200.jpg 300w, https:\/\/weronikajazikowska.pl\/wp-content\/uploads\/2023\/01\/sesja-ciazowa-2-1024x681.jpg 1024w, https:\/\/weronikajazikowska.pl\/wp-content\/uploads\/2023\/01\/sesja-ciazowa-2-768x511.jpg 768w\" sizes=\"(max-width: 1200px) 100vw, 1200px\" \/><\/a>\n\t\t\t<\/div>\n\t\t\t\t<figcaption class='wp-caption-text gallery-caption' id='gallery-1-1479'>\n\t\t\t\tFoto: Weronika Jazikowska\n\t\t\t\t<\/figcaption><\/figure><figure class='gallery-item'>\n\t\t\t<div class='gallery-icon portrait'>\n\t\t\t\t<a data-elementor-open-lightbox=\"yes\" data-elementor-lightbox-slideshow=\"61d486c4\" data-elementor-lightbox-title=\"Sesja ci\u0105\u017cowa\" data-e-action-hash=\"#elementor-action%3Aaction%3Dlightbox%26settings%3DeyJpZCI6NDQsInVybCI6Imh0dHBzOlwvXC93ZXJvbmlrYWphemlrb3dza2EucGxcL3dwLWNvbnRlbnRcL3VwbG9hZHNcLzIwMjNcLzAxXC9EU0NfNDYxMC5qcGciLCJzbGlkZXNob3ciOiI2MWQ0ODZjNCJ9\" href='https:\/\/weronikajazikowska.pl\/wp-content\/uploads\/2023\/01\/DSC_4610.jpg'><img decoding=\"async\" width=\"998\" height=\"1500\" src=\"https:\/\/weronikajazikowska.pl\/wp-content\/uploads\/2023\/01\/DSC_4610.jpg\" class=\"attachment-full size-full\" alt=\"\" aria-describedby=\"gallery-1-44\" srcset=\"https:\/\/weronikajazikowska.pl\/wp-content\/uploads\/2023\/01\/DSC_4610.jpg 998w, https:\/\/weronikajazikowska.pl\/wp-content\/uploads\/2023\/01\/DSC_4610-200x300.jpg 200w, https:\/\/weronikajazikowska.pl\/wp-content\/uploads\/2023\/01\/DSC_4610-681x1024.jpg 681w, https:\/\/weronikajazikowska.pl\/wp-content\/uploads\/2023\/01\/DSC_4610-768x1154.jpg 768w\" sizes=\"(max-width: 998px) 100vw, 998px\" \/><\/a>\n\t\t\t<\/div>\n\t\t\t\t<figcaption class='wp-caption-text gallery-caption' id='gallery-1-44'>\n\t\t\t\tAutor: Weronika Jazikowska\n\t\t\t\t<\/figcaption><\/figure><figure class='gallery-item'>\n\t\t\t<div class='gallery-icon portrait'>\n\t\t\t\t<a data-elementor-open-lightbox=\"yes\" data-elementor-lightbox-slideshow=\"61d486c4\" data-elementor-lightbox-title=\"Sesja ci\u0105\u017cowa\" data-e-action-hash=\"#elementor-action%3Aaction%3Dlightbox%26settings%3DeyJpZCI6NDcsInVybCI6Imh0dHBzOlwvXC93ZXJvbmlrYWphemlrb3dza2EucGxcL3dwLWNvbnRlbnRcL3VwbG9hZHNcLzIwMjNcLzAxXC91bnRpdGxlZC0xOS5qcGciLCJzbGlkZXNob3ciOiI2MWQ0ODZjNCJ9\" href='https:\/\/weronikajazikowska.pl\/wp-content\/uploads\/2023\/01\/untitled-19.jpg'><img loading=\"lazy\" decoding=\"async\" width=\"997\" height=\"1500\" src=\"https:\/\/weronikajazikowska.pl\/wp-content\/uploads\/2023\/01\/untitled-19.jpg\" class=\"attachment-full size-full\" alt=\"\" aria-describedby=\"gallery-1-47\" srcset=\"https:\/\/weronikajazikowska.pl\/wp-content\/uploads\/2023\/01\/untitled-19.jpg 997w, https:\/\/weronikajazikowska.pl\/wp-content\/uploads\/2023\/01\/untitled-19-199x300.jpg 199w, https:\/\/weronikajazikowska.pl\/wp-content\/uploads\/2023\/01\/untitled-19-681x1024.jpg 681w, https:\/\/weronikajazikowska.pl\/wp-content\/uploads\/2023\/01\/untitled-19-768x1155.jpg 768w\" sizes=\"(max-width: 997px) 100vw, 997px\" \/><\/a>\n\t\t\t<\/div>\n\t\t\t\t<figcaption class='wp-caption-text gallery-caption' id='gallery-1-47'>\n\t\t\t\tAutor: Weronika Jazikowska\n\t\t\t\t<\/figcaption><\/figure><figure class='gallery-item'>\n\t\t\t<div class='gallery-icon landscape'>\n\t\t\t\t<a data-elementor-open-lightbox=\"yes\" data-elementor-lightbox-slideshow=\"61d486c4\" data-elementor-lightbox-title=\"Sesja ci\u0105\u017cowa\" data-e-action-hash=\"#elementor-action%3Aaction%3Dlightbox%26settings%3DeyJpZCI6NDUsInVybCI6Imh0dHBzOlwvXC93ZXJvbmlrYWphemlrb3dza2EucGxcL3dwLWNvbnRlbnRcL3VwbG9hZHNcLzIwMjNcLzAxXC9EU0NfNDY0OC5qcGciLCJzbGlkZXNob3ciOiI2MWQ0ODZjNCJ9\" href='https:\/\/weronikajazikowska.pl\/wp-content\/uploads\/2023\/01\/DSC_4648.jpg'><img loading=\"lazy\" decoding=\"async\" width=\"1500\" height=\"997\" src=\"https:\/\/weronikajazikowska.pl\/wp-content\/uploads\/2023\/01\/DSC_4648.jpg\" class=\"attachment-full size-full\" alt=\"\" aria-describedby=\"gallery-1-45\" srcset=\"https:\/\/weronikajazikowska.pl\/wp-content\/uploads\/2023\/01\/DSC_4648.jpg 1500w, https:\/\/weronikajazikowska.pl\/wp-content\/uploads\/2023\/01\/DSC_4648-300x199.jpg 300w, https:\/\/weronikajazikowska.pl\/wp-content\/uploads\/2023\/01\/DSC_4648-1024x681.jpg 1024w, https:\/\/weronikajazikowska.pl\/wp-content\/uploads\/2023\/01\/DSC_4648-768x510.jpg 768w\" sizes=\"(max-width: 1500px) 100vw, 1500px\" \/><\/a>\n\t\t\t<\/div>\n\t\t\t\t<figcaption class='wp-caption-text gallery-caption' id='gallery-1-45'>\n\t\t\t\tAutor: Weronika Jazikowska\n\t\t\t\t<\/figcaption><\/figure><figure class='gallery-item'>\n\t\t\t<div class='gallery-icon landscape'>\n\t\t\t\t<a data-elementor-open-lightbox=\"yes\" data-elementor-lightbox-slideshow=\"61d486c4\" data-elementor-lightbox-title=\"Sesja ci\u0105\u017cowa\" data-e-action-hash=\"#elementor-action%3Aaction%3Dlightbox%26settings%3DeyJpZCI6NDEsInVybCI6Imh0dHBzOlwvXC93ZXJvbmlrYWphemlrb3dza2EucGxcL3dwLWNvbnRlbnRcL3VwbG9hZHNcLzIwMjNcLzAxXC9EU0NfNDQ5OC5qcGciLCJzbGlkZXNob3ciOiI2MWQ0ODZjNCJ9\" href='https:\/\/weronikajazikowska.pl\/wp-content\/uploads\/2023\/01\/DSC_4498.jpg'><img loading=\"lazy\" decoding=\"async\" width=\"1500\" height=\"997\" src=\"https:\/\/weronikajazikowska.pl\/wp-content\/uploads\/2023\/01\/DSC_4498.jpg\" class=\"attachment-full size-full\" alt=\"\" aria-describedby=\"gallery-1-41\" srcset=\"https:\/\/weronikajazikowska.pl\/wp-content\/uploads\/2023\/01\/DSC_4498.jpg 1500w, https:\/\/weronikajazikowska.pl\/wp-content\/uploads\/2023\/01\/DSC_4498-300x199.jpg 300w, https:\/\/weronikajazikowska.pl\/wp-content\/uploads\/2023\/01\/DSC_4498-1024x681.jpg 1024w, https:\/\/weronikajazikowska.pl\/wp-content\/uploads\/2023\/01\/DSC_4498-768x510.jpg 768w\" sizes=\"(max-width: 1500px) 100vw, 1500px\" \/><\/a>\n\t\t\t<\/div>\n\t\t\t\t<figcaption class='wp-caption-text gallery-caption' id='gallery-1-41'>\n\t\t\t\tAutor: Weronika Jazikowska\n\t\t\t\t<\/figcaption><\/figure><figure class='gallery-item'>\n\t\t\t<div class='gallery-icon portrait'>\n\t\t\t\t<a data-elementor-open-lightbox=\"yes\" data-elementor-lightbox-slideshow=\"61d486c4\" data-elementor-lightbox-title=\"sesja ci\u0105\u017cowa\" data-e-action-hash=\"#elementor-action%3Aaction%3Dlightbox%26settings%3DeyJpZCI6MTYwNywidXJsIjoiaHR0cHM6XC9cL3dlcm9uaWthamF6aWtvd3NrYS5wbFwvd3AtY29udGVudFwvdXBsb2Fkc1wvMjAyM1wvMDFcL3VudGl0bGVkLTE4LmpwZyIsInNsaWRlc2hvdyI6IjYxZDQ4NmM0In0%3D\" href='https:\/\/weronikajazikowska.pl\/wp-content\/uploads\/2023\/01\/untitled-18.jpg'><img loading=\"lazy\" decoding=\"async\" width=\"1197\" height=\"1800\" src=\"https:\/\/weronikajazikowska.pl\/wp-content\/uploads\/2023\/01\/untitled-18.jpg\" class=\"attachment-full size-full\" alt=\"\" aria-describedby=\"gallery-1-1607\" srcset=\"https:\/\/weronikajazikowska.pl\/wp-content\/uploads\/2023\/01\/untitled-18.jpg 1197w, https:\/\/weronikajazikowska.pl\/wp-content\/uploads\/2023\/01\/untitled-18-200x300.jpg 200w, https:\/\/weronikajazikowska.pl\/wp-content\/uploads\/2023\/01\/untitled-18-681x1024.jpg 681w, https:\/\/weronikajazikowska.pl\/wp-content\/uploads\/2023\/01\/untitled-18-768x1155.jpg 768w, https:\/\/weronikajazikowska.pl\/wp-content\/uploads\/2023\/01\/untitled-18-1021x1536.jpg 1021w\" sizes=\"(max-width: 1197px) 100vw, 1197px\" \/><\/a>\n\t\t\t<\/div>\n\t\t\t\t<figcaption class='wp-caption-text gallery-caption' id='gallery-1-1607'>\n\t\t\t\tfoto: Weronika Jazikowska\n\t\t\t\t<\/figcaption><\/figure><figure class='gallery-item'>\n\t\t\t<div class='gallery-icon portrait'>\n\t\t\t\t<a data-elementor-open-lightbox=\"yes\" data-elementor-lightbox-slideshow=\"61d486c4\" data-elementor-lightbox-title=\"Sesja ci\u0105\u017cowa\" data-e-action-hash=\"#elementor-action%3Aaction%3Dlightbox%26settings%3DeyJpZCI6NDIsInVybCI6Imh0dHBzOlwvXC93ZXJvbmlrYWphemlrb3dza2EucGxcL3dwLWNvbnRlbnRcL3VwbG9hZHNcLzIwMjNcLzAxXC9EU0NfNDU1Mi5qcGciLCJzbGlkZXNob3ciOiI2MWQ0ODZjNCJ9\" href='https:\/\/weronikajazikowska.pl\/wp-content\/uploads\/2023\/01\/DSC_4552.jpg'><img loading=\"lazy\" decoding=\"async\" width=\"998\" height=\"1500\" src=\"https:\/\/weronikajazikowska.pl\/wp-content\/uploads\/2023\/01\/DSC_4552.jpg\" class=\"attachment-full size-full\" alt=\"\" aria-describedby=\"gallery-1-42\" srcset=\"https:\/\/weronikajazikowska.pl\/wp-content\/uploads\/2023\/01\/DSC_4552.jpg 998w, https:\/\/weronikajazikowska.pl\/wp-content\/uploads\/2023\/01\/DSC_4552-200x300.jpg 200w, https:\/\/weronikajazikowska.pl\/wp-content\/uploads\/2023\/01\/DSC_4552-681x1024.jpg 681w, https:\/\/weronikajazikowska.pl\/wp-content\/uploads\/2023\/01\/DSC_4552-768x1154.jpg 768w\" sizes=\"(max-width: 998px) 100vw, 998px\" \/><\/a>\n\t\t\t<\/div>\n\t\t\t\t<figcaption class='wp-caption-text gallery-caption' id='gallery-1-42'>\n\t\t\t\tAutor: Weronika Jazikowska\n\t\t\t\t<\/figcaption><\/figure><figure class='gallery-item'>\n\t\t\t<div class='gallery-icon landscape'>\n\t\t\t\t<a data-elementor-open-lightbox=\"yes\" data-elementor-lightbox-slideshow=\"61d486c4\" data-elementor-lightbox-title=\"sesja cia\u0328z\u0307owa\" data-e-action-hash=\"#elementor-action%3Aaction%3Dlightbox%26settings%3DeyJpZCI6MTQ3NywidXJsIjoiaHR0cHM6XC9cL3dlcm9uaWthamF6aWtvd3NrYS5wbFwvd3AtY29udGVudFwvdXBsb2Fkc1wvMjAyM1wvMDFcL3Nlc2phLWNpYXpvd2EtNS5qcGciLCJzbGlkZXNob3ciOiI2MWQ0ODZjNCJ9\" href='https:\/\/weronikajazikowska.pl\/wp-content\/uploads\/2023\/01\/sesja-ciazowa-5.jpg'><img loading=\"lazy\" decoding=\"async\" width=\"1200\" height=\"902\" src=\"https:\/\/weronikajazikowska.pl\/wp-content\/uploads\/2023\/01\/sesja-ciazowa-5.jpg\" class=\"attachment-full size-full\" alt=\"\" aria-describedby=\"gallery-1-1477\" srcset=\"https:\/\/weronikajazikowska.pl\/wp-content\/uploads\/2023\/01\/sesja-ciazowa-5.jpg 1200w, https:\/\/weronikajazikowska.pl\/wp-content\/uploads\/2023\/01\/sesja-ciazowa-5-300x226.jpg 300w, https:\/\/weronikajazikowska.pl\/wp-content\/uploads\/2023\/01\/sesja-ciazowa-5-1024x770.jpg 1024w, https:\/\/weronikajazikowska.pl\/wp-content\/uploads\/2023\/01\/sesja-ciazowa-5-768x577.jpg 768w\" sizes=\"(max-width: 1200px) 100vw, 1200px\" \/><\/a>\n\t\t\t<\/div>\n\t\t\t\t<figcaption class='wp-caption-text gallery-caption' id='gallery-1-1477'>\n\t\t\t\tFoto: Weronika Jazikowska\n\t\t\t\t<\/figcaption><\/figure><figure class='gallery-item'>\n\t\t\t<div class='gallery-icon landscape'>\n\t\t\t\t<a data-elementor-open-lightbox=\"yes\" data-elementor-lightbox-slideshow=\"61d486c4\" data-elementor-lightbox-title=\"sesja cia\u0328z\u0307owa\" data-e-action-hash=\"#elementor-action%3Aaction%3Dlightbox%26settings%3DeyJpZCI6MTQ3OCwidXJsIjoiaHR0cHM6XC9cL3dlcm9uaWthamF6aWtvd3NrYS5wbFwvd3AtY29udGVudFwvdXBsb2Fkc1wvMjAyM1wvMDFcL3Nlc2phLWNpYXpvd2EtNC5qcGciLCJzbGlkZXNob3ciOiI2MWQ0ODZjNCJ9\" href='https:\/\/weronikajazikowska.pl\/wp-content\/uploads\/2023\/01\/sesja-ciazowa-4.jpg'><img loading=\"lazy\" decoding=\"async\" width=\"1200\" height=\"798\" src=\"https:\/\/weronikajazikowska.pl\/wp-content\/uploads\/2023\/01\/sesja-ciazowa-4.jpg\" class=\"attachment-full size-full\" alt=\"\" aria-describedby=\"gallery-1-1478\" srcset=\"https:\/\/weronikajazikowska.pl\/wp-content\/uploads\/2023\/01\/sesja-ciazowa-4.jpg 1200w, https:\/\/weronikajazikowska.pl\/wp-content\/uploads\/2023\/01\/sesja-ciazowa-4-300x200.jpg 300w, https:\/\/weronikajazikowska.pl\/wp-content\/uploads\/2023\/01\/sesja-ciazowa-4-1024x681.jpg 1024w, https:\/\/weronikajazikowska.pl\/wp-content\/uploads\/2023\/01\/sesja-ciazowa-4-768x511.jpg 768w\" sizes=\"(max-width: 1200px) 100vw, 1200px\" \/><\/a>\n\t\t\t<\/div>\n\t\t\t\t<figcaption class='wp-caption-text gallery-caption' id='gallery-1-1478'>\n\t\t\t\tFoto: Weronika Jazikowska\n\t\t\t\t<\/figcaption><\/figure>\n\t\t<\/div>\n\t\t<\/div>\n\t\t\t\t<\/div>\n\t\t\t\t<\/div>\n\t\t\t\t\t<\/div>\n\t\t<\/div>\n\t\t\t\t\t<\/div>\n\t\t<\/section>\n\t\t\t\t<section class=\"elementor-section elementor-top-section elementor-element elementor-element-07c0ee7 elementor-section-height-min-height elementor-section-boxed elementor-section-height-default elementor-section-items-middle\" data-id=\"07c0ee7\" data-element_type=\"section\">\n\t\t\t\t\t\t<div class=\"elementor-container elementor-column-gap-default\">\n\t\t\t\t\t<div class=\"elementor-column elementor-col-50 elementor-top-column elementor-element elementor-element-008ada6\" data-id=\"008ada6\" data-element_type=\"column\">\n\t\t\t<div class=\"elementor-widget-wrap\">\n\t\t\t\t\t\t\t<\/div>\n\t\t<\/div>\n\t\t\t\t<div class=\"elementor-column elementor-col-50 elementor-top-column elementor-element elementor-element-e66cb0e\" data-id=\"e66cb0e\" data-element_type=\"column\">\n\t\t\t<div class=\"elementor-widget-wrap\">\n\t\t\t\t\t\t\t<\/div>\n\t\t<\/div>\n\t\t\t\t\t<\/div>\n\t\t<\/section>\n\t\t\t\t<section class=\"elementor-section elementor-top-section elementor-element elementor-element-24ee9c0c elementor-section-boxed elementor-section-height-default elementor-section-height-default\" data-id=\"24ee9c0c\" data-element_type=\"section\" data-settings=\"{&quot;background_background&quot;:&quot;classic&quot;}\">\n\t\t\t\t\t\t<div class=\"elementor-container elementor-column-gap-default\">\n\t\t\t\t\t<div class=\"elementor-column elementor-col-33 elementor-top-column elementor-element elementor-element-2606f3d9\" data-id=\"2606f3d9\" data-element_type=\"column\">\n\t\t\t<div class=\"elementor-widget-wrap\">\n\t\t\t\t\t\t\t<\/div>\n\t\t<\/div>\n\t\t\t\t<div class=\"elementor-column elementor-col-33 elementor-top-column elementor-element elementor-element-b6fd392\" data-id=\"b6fd392\" data-element_type=\"column\">\n\t\t\t<div class=\"elementor-widget-wrap elementor-element-populated\">\n\t\t\t\t\t\t<div class=\"elementor-element elementor-element-dda54f4 elementor-widget elementor-widget-image\" data-id=\"dda54f4\" data-element_type=\"widget\" data-widget_type=\"image.default\">\n\t\t\t\t<div class=\"elementor-widget-container\">\n\t\t\t\t\t\t\t\t\t\t\t\t\t<img loading=\"lazy\" decoding=\"async\" width=\"1024\" height=\"119\" src=\"https:\/\/weronikajazikowska.pl\/wp-content\/uploads\/2023\/01\/LOGO-WHITE3-1024x119.png\" class=\"attachment-large size-large wp-image-644\" alt=\"\" srcset=\"https:\/\/weronikajazikowska.pl\/wp-content\/uploads\/2023\/01\/LOGO-WHITE3-1024x119.png 1024w, https:\/\/weronikajazikowska.pl\/wp-content\/uploads\/2023\/01\/LOGO-WHITE3-300x35.png 300w, https:\/\/weronikajazikowska.pl\/wp-content\/uploads\/2023\/01\/LOGO-WHITE3-768x90.png 768w, https:\/\/weronikajazikowska.pl\/wp-content\/uploads\/2023\/01\/LOGO-WHITE3.png 1492w\" sizes=\"(max-width: 1024px) 100vw, 1024px\" \/>\t\t\t\t\t\t\t\t\t\t\t\t\t<\/div>\n\t\t\t\t<\/div>\n\t\t\t\t\t<\/div>\n\t\t<\/div>\n\t\t\t\t<div class=\"elementor-column elementor-col-33 elementor-top-column elementor-element elementor-element-3c6fbb46\" data-id=\"3c6fbb46\" data-element_type=\"column\">\n\t\t\t<div class=\"elementor-widget-wrap\">\n\t\t\t\t\t\t\t<\/div>\n\t\t<\/div>\n\t\t\t\t\t<\/div>\n\t\t<\/section>\n\t\t\t\t<\/div>\n\t\t","protected":false},"excerpt":{"rendered":"<p>SESJA CI\u0104\u017bOWA Portfolio SESJA CI\u0104\u017bOWA Przygotowuj\u0105c koncepcj\u0119 dla takiej sesji chc\u0119 przede wszystkim pokaza\u0107 przysz\u0142\u0105 Mam\u0119 jako symbol pi\u0119kna, nadziei i kobieco\u015bci. Autor: Weronika Jazikowska Foto: Weronika Jazikowska Autor: Weronika Jazikowska Autor: Weronika Jazikowska Autor: Weronika Jazikowska Autor: Weronika Jazikowska foto: Weronika Jazikowska Autor: Weronika Jazikowska Foto: Weronika Jazikowska Foto: Weronika Jazikowska<\/p>\n","protected":false},"author":1,"featured_media":0,"parent":0,"menu_order":0,"comment_status":"closed","ping_status":"closed","template":"","meta":{"_eb_attr":"","site-sidebar-layout":"no-sidebar","site-content-layout":"page-builder","ast-site-content-layout":"","site-content-style":"default","site-sidebar-style":"default","ast-global-header-display":"","ast-banner-title-visibility":"","ast-main-header-display":"","ast-hfb-above-header-display":"","ast-hfb-below-header-display":"","ast-hfb-mobile-header-display":"","site-post-title":"disabled","ast-breadcrumbs-content":"","ast-featured-img":"disabled","footer-sml-layout":"","theme-transparent-header-meta":"enabled","adv-header-id-meta":"","stick-header-meta":"","header-above-stick-meta":"","header-main-stick-meta":"","header-below-stick-meta":"","astra-migrate-meta-layouts":"default","ast-page-background-enabled":"default","ast-page-background-meta":{"desktop":{"background-color":"","background-image":"","background-repeat":"repeat","background-position":"center center","background-size":"auto","background-attachment":"scroll","background-type":"","background-media":"","overlay-type":"","overlay-color":"","overlay-gradient":""},"tablet":{"background-color":"","background-image":"","background-repeat":"repeat","background-position":"center center","background-size":"auto","background-attachment":"scroll","background-type":"","background-media":"","overlay-type":"","overlay-color":"","overlay-gradient":""},"mobile":{"background-color":"","background-image":"","background-repeat":"repeat","background-position":"center center","background-size":"auto","background-attachment":"scroll","background-type":"","background-media":"","overlay-type":"","overlay-color":"","overlay-gradient":""}},"ast-content-background-meta":{"desktop":{"background-color":"var(--ast-global-color-5)","background-image":"","background-repeat":"repeat","background-position":"center center","background-size":"auto","background-attachment":"scroll","background-type":"","background-media":"","overlay-type":"","overlay-color":"","overlay-gradient":""},"tablet":{"background-color":"var(--ast-global-color-5)","background-image":"","background-repeat":"repeat","background-position":"center center","background-size":"auto","background-attachment":"scroll","background-type":"","background-media":"","overlay-type":"","overlay-color":"","overlay-gradient":""},"mobile":{"background-color":"var(--ast-global-color-5)","background-image":"","background-repeat":"repeat","background-position":"center center","background-size":"auto","background-attachment":"scroll","background-type":"","background-media":"","overlay-type":"","overlay-color":"","overlay-gradient":""}},"footnotes":""},"_links":{"self":[{"href":"https:\/\/weronikajazikowska.pl\/index.php\/wp-json\/wp\/v2\/pages\/832"}],"collection":[{"href":"https:\/\/weronikajazikowska.pl\/index.php\/wp-json\/wp\/v2\/pages"}],"about":[{"href":"https:\/\/weronikajazikowska.pl\/index.php\/wp-json\/wp\/v2\/types\/page"}],"author":[{"embeddable":true,"href":"https:\/\/weronikajazikowska.pl\/index.php\/wp-json\/wp\/v2\/users\/1"}],"replies":[{"embeddable":true,"href":"https:\/\/weronikajazikowska.pl\/index.php\/wp-json\/wp\/v2\/comments?post=832"}],"version-history":[{"count":64,"href":"https:\/\/weronikajazikowska.pl\/index.php\/wp-json\/wp\/v2\/pages\/832\/revisions"}],"predecessor-version":[{"id":1798,"href":"https:\/\/weronikajazikowska.pl\/index.php\/wp-json\/wp\/v2\/pages\/832\/revisions\/1798"}],"wp:attachment":[{"href":"https:\/\/weronikajazikowska.pl\/index.php\/wp-json\/wp\/v2\/media?parent=832"}],"curies":[{"name":"wp","href":"https:\/\/api.w.org\/{rel}","templated":true}]}}